{"id":4825,"date":"2017-09-21T13:16:05","date_gmt":"2017-09-21T04:16:05","guid":{"rendered":"http:\/\/www.penguinol.com\/?page_id=4825"},"modified":"2017-09-22T18:24:02","modified_gmt":"2017-09-22T09:24:02","slug":"proyecto-de-operacion","status":"publish","type":"page","link":"http:\/\/www.penguinol.com\/es\/proyecto-de-operacion\/","title":{"rendered":"Proyecto de Operaci\u00f3n"},"content":{"rendered":"<div id='layer_slider_1' class='avia-layerslider main_color avia-shadow  container_wrap sidebar_right'    style='height: 401px;' ><\/div>\n<\/div><\/div><\/div><!-- close content main div --><\/div><\/div><div id='av_section_1' class='avia-section main_color avia-section-default avia-no-shadow avia-bg-style-scroll   container_wrap sidebar_right' style = 'background-color: #ffffff; '  ><div class='container' ><div class='template-page content  av-content-small alpha units'><div class='post-entry post-entry-type-page post-entry-4825'><div class='entry-content-wrapper clearfix'>\n<div class=\"flex_column av_one_half  flex_column_div av-zero-column-padding first  \" style='border-radius:0px; '><p><div  class='avia-video avia-video-16-9   '  itemprop=\"video\" itemtype=\"https:\/\/schema.org\/VideoObject\" ><div class='avia-iframe-wrap'><iframe loading=\"lazy\" width=\"1500\" height=\"844\" src=\"https:\/\/www.youtube.com\/embed\/UIQLVHEnD5Q?feature=oembed\" frameborder=\"0\" allowfullscreen><\/iframe><\/div><\/div><br \/>\n<section class=\"av_textblock_section \"  itemscope=\"itemscope\" itemtype=\"https:\/\/schema.org\/CreativeWork\" ><div class='avia_textblock  '   itemprop=\"text\" ><blockquote>\n<p><b>Recurso de la playa<\/b><\/p>\n<\/blockquote>\n<p>La playa con el hermoso ambiente submarine es un buen lugar para disfrutarse del penguin.<\/p>\n<\/div><\/section><\/p><\/div><div class=\"flex_column av_one_half  flex_column_div av-zero-column-padding   \" style='border-radius:0px; '><p><div  class='avia-video avia-video-16-9   '  itemprop=\"video\" itemtype=\"https:\/\/schema.org\/VideoObject\" ><div class='avia-iframe-wrap'><iframe loading=\"lazy\" width=\"1500\" height=\"844\" src=\"https:\/\/www.youtube.com\/embed\/CcXvPJO8nOw?feature=oembed\" frameborder=\"0\" allowfullscreen><\/iframe><\/div><\/div><br \/>\n<section class=\"av_textblock_section \"  itemscope=\"itemscope\" itemtype=\"https:\/\/schema.org\/CreativeWork\" ><div class='avia_textblock  '   itemprop=\"text\" ><blockquote>\n<p><b> Acuario grande<\/b><\/p>\n<\/blockquote>\n<p>El penguin experienciado en el acuario ha sido muy popular con los ni\u00f1os llenos de curiosidad.<\/p>\n<\/div><\/section><\/p><\/div>\n<\/div><\/div><\/div><!-- close content main div --><\/div><\/div><div id='after_section_1' class='main_color av_default_container_wrap container_wrap sidebar_right'   ><div class='container' ><div class='template-page content  av-content-small alpha units'><div class='post-entry post-entry-type-page post-entry-4825'><div class='entry-content-wrapper clearfix'>\n<\/div><\/div><\/div><!-- close content main div --><\/div><\/div><div id='av_section_2' class='avia-section main_color avia-section-default avia-no-shadow avia-bg-style-scroll   container_wrap sidebar_right' style = 'background-color: #f8f8f8; '  ><div class='container' ><div class='template-page content  av-content-small alpha units'><div class='post-entry post-entry-type-page post-entry-4825'><div class='entry-content-wrapper clearfix'>\n<section class=\"av_textblock_section \"  itemscope=\"itemscope\" itemtype=\"https:\/\/schema.org\/CreativeWork\" ><div class='avia_textblock  av_inherit_color '  style='color:#0a80c5; '  itemprop=\"text\" ><h2 style=\"text-align: center;\">El penguin<br \/>\nha iniciado su primer operaci\u00f3n en Maldiva en 2015.<\/h2>\n<\/div><\/section>\n<div style=' margin-top:30px; margin-bottom:30px;'  class='hr hr-custom hr-center hr-icon-yes  '><span class='hr-inner   inner-border-av-border-thin' style=' width:50px;' ><span class='hr-inner-style'><\/span><\/span><span class='av-seperator-icon' style='color:#0a80c5;' aria-hidden='true' data-av_icon='\ue844' data-av_iconfont='entypo-fontello'><\/span><span class='hr-inner   inner-border-av-border-thin' style=' width:50px;' ><span class='hr-inner-style'><\/span><\/span><\/div>\n<div  data-size='magazine'  data-lightbox_size='large'  data-animation='slide'  data-ids='4311,4308,4309,4307,4306,4305,4304,4303,4302,4301,4300,4299'  data-video_counter='0'  data-autoplay='false'  data-bg_slider='false'  data-slide_height=''  data-handle='av_slideshow'  data-interval='5'  data-class=' '  data-css_id=''  data-scroll_down=''  data-control_layout='av-control-default'  data-custom_markup=''  data-perma_caption=''  data-autoplay_stopper=''  data-image_attachment=''  data-min_height='0px'  data-default-height='52.816901408451'  class='avia-slideshow avia-slideshow-1  av-control-default av-default-height-applied avia-slideshow-magazine av_slideshow   avia-slide-slider '  itemscope=\"itemscope\" itemtype=\"https:\/\/schema.org\/ImageObject\" ><ul class='avia-slideshow-inner' style='padding-bottom: 52.816901408451%;'><li  class=' slide-1 ' ><div data-rel='slideshow-1' class='avia-slide-wrap'  ><img src='http:\/\/www.penguinol.com\/wp-content\/uploads\/2017\/08\/aerial-710x375.jpg' width='710' height='375' title='aerial' alt='Maldives marine leisure'  itemprop=\"thumbnailUrl\"   \/><\/div><\/li><li  class=' slide-2 ' ><div data-rel='slideshow-1' class='avia-slide-wrap'  ><img src='http:\/\/www.penguinol.com\/wp-content\/uploads\/2017\/08\/slider10-710x375.png' width='710' height='375' title='slider10' alt=''  itemprop=\"thumbnailUrl\"   \/><\/div><\/li><li  class=' slide-3 ' ><div data-rel='slideshow-1' class='avia-slide-wrap'  ><img src='http:\/\/www.penguinol.com\/wp-content\/uploads\/2017\/08\/slider11-710x375.png' width='710' height='375' title='slider11' alt=''  itemprop=\"thumbnailUrl\"   \/><\/div><\/li><li  class=' slide-4 ' ><div data-rel='slideshow-1' class='avia-slide-wrap'  ><img src='http:\/\/www.penguinol.com\/wp-content\/uploads\/2017\/08\/slider9-710x375.png' width='710' height='375' title='slider9' alt=''  itemprop=\"thumbnailUrl\"   \/><\/div><\/li><li  class=' slide-5 ' ><div data-rel='slideshow-1' class='avia-slide-wrap'  ><img src='http:\/\/www.penguinol.com\/wp-content\/uploads\/2017\/08\/slider8-710x375.png' width='710' height='375' title='slider8' alt=''  itemprop=\"thumbnailUrl\"   \/><\/div><\/li><li  class=' slide-6 ' ><div data-rel='slideshow-1' class='avia-slide-wrap'  ><img src='http:\/\/www.penguinol.com\/wp-content\/uploads\/2017\/08\/slider7-710x375.png' width='710' height='375' title='slider7' alt=''  itemprop=\"thumbnailUrl\"   \/><\/div><\/li><li  class=' slide-7 ' ><div data-rel='slideshow-1' class='avia-slide-wrap'  ><img src='http:\/\/www.penguinol.com\/wp-content\/uploads\/2017\/08\/slider6-710x375.png' width='710' height='375' title='slider6' alt=''  itemprop=\"thumbnailUrl\"   \/><\/div><\/li><li  class=' slide-8 ' ><div data-rel='slideshow-1' class='avia-slide-wrap'  ><img src='http:\/\/www.penguinol.com\/wp-content\/uploads\/2017\/08\/slider5-710x375.png' width='710' height='375' title='slider5' alt=''  itemprop=\"thumbnailUrl\"   \/><\/div><\/li><li  class=' slide-9 ' ><div data-rel='slideshow-1' class='avia-slide-wrap'  ><img src='http:\/\/www.penguinol.com\/wp-content\/uploads\/2017\/08\/slider4-710x375.png' width='710' height='375' title='slider4' alt=''  itemprop=\"thumbnailUrl\"   \/><\/div><\/li><li  class=' slide-10 ' ><div data-rel='slideshow-1' class='avia-slide-wrap'  ><img src='http:\/\/www.penguinol.com\/wp-content\/uploads\/2017\/08\/slider3-710x375.png' width='710' height='375' title='slider3' alt=''  itemprop=\"thumbnailUrl\"   \/><\/div><\/li><li  class=' slide-11 ' ><div data-rel='slideshow-1' class='avia-slide-wrap'  ><img src='http:\/\/www.penguinol.com\/wp-content\/uploads\/2017\/08\/slider2-710x375.png' width='710' height='375' title='slider2' alt=''  itemprop=\"thumbnailUrl\"   \/><\/div><\/li><li  class=' slide-12 ' ><div data-rel='slideshow-1' class='avia-slide-wrap'  ><img src='http:\/\/www.penguinol.com\/wp-content\/uploads\/2017\/08\/slider1-710x375.png' width='710' height='375' title='slider1' alt=''  itemprop=\"thumbnailUrl\"   \/><\/div><\/li><\/ul><div class='avia-slideshow-arrows avia-slideshow-controls'><a href='#prev' class='prev-slide' aria-hidden='true' data-av_icon='\ue87c' data-av_iconfont='entypo-fontello'>Anterior<\/a><a href='#next' class='next-slide' aria-hidden='true' data-av_icon='\ue87d' data-av_iconfont='entypo-fontello'>Posterior<\/a><\/div><div class='avia-slideshow-dots avia-slideshow-controls'><a href='#1' class='goto-slide active' >1<\/a><a href='#2' class='goto-slide ' >2<\/a><a href='#3' class='goto-slide ' >3<\/a><a href='#4' class='goto-slide ' >4<\/a><a href='#5' class='goto-slide ' >5<\/a><a href='#6' class='goto-slide ' >6<\/a><a href='#7' class='goto-slide ' >7<\/a><a href='#8' class='goto-slide ' >8<\/a><a href='#9' class='goto-slide ' >9<\/a><a href='#10' class='goto-slide ' >10<\/a><a href='#11' class='goto-slide ' >11<\/a><a href='#12' class='goto-slide ' >12<\/a><\/div><\/div>\n<div class=\"flex_column av_one_full  flex_column_div av-zero-column-padding first  \" style='border-radius:0px; '><section class=\"av_textblock_section \"  itemscope=\"itemscope\" itemtype=\"https:\/\/schema.org\/CreativeWork\" ><div class='avia_textblock  '   itemprop=\"text\" ><div style=\"width: 70%; text-align: center; margin: 0 auto;\">\n<p>luna de miel, es un pa\u00eds compuesto por 26 zonas de laguna y por 1,190 islas donde los hermosos corales y varias criaturas submarinas habitan,<\/p>\n<p>con la buena condici\u00f3n para hacer negocios de penguin.<\/p>\n<\/div>\n<\/div><\/section><\/div><div class=\"flex_column av_one_half  flex_column_div av-zero-column-padding first  \" style='border-radius:0px; '><section class=\"av_textblock_section \"  itemscope=\"itemscope\" itemtype=\"https:\/\/schema.org\/CreativeWork\" ><div class='avia_textblock  '   itemprop=\"text\" ><blockquote>\n<p><b>Caracter\u00edsticas del mercado Maldiva<\/b><\/p>\n<\/blockquote>\n<p><i class=\"wp-svg-play-3 play-3\"><\/i> Turistas que se aumentan constantemente<br \/>\n<i class=\"wp-svg-play-3 play-3\"><\/i> El mejor ambiente de tiempo donde es posible hacer negocios estables en un a\u00f1o<br \/>\n<i class=\"wp-svg-play-3 play-3\"><\/i> El mejor ambiente para hacer negocios de penguin<br \/>\n<i class=\"wp-svg-play-3 play-3\"><\/i> Un recurso en una isla<\/p>\n<\/div><\/section><\/div><div class=\"flex_column av_one_half  flex_column_div av-zero-column-padding   \" style='border-radius:0px; '><section class=\"av_textblock_section \"  itemscope=\"itemscope\" itemtype=\"https:\/\/schema.org\/CreativeWork\" ><div class='avia_textblock  '   itemprop=\"text\" ><blockquote>\n<p><b>Un recurso en una isla<\/b><\/p>\n<\/blockquote>\n<p>En Maldiva, los 80 de 122 recursos tiene la Buena condici\u00f3n paraque el penguin pueda hacer negocios. Actualmente,<\/p>\n<p>los 4 recursos est\u00e1n operando el Ocio Oce\u00e1nico de penguin,<\/p>\n<p>y el Ocio Oce\u00e1nico de Penguin va a expandir unos 25 lugares de negocios hasta 2020 y presentar m\u00e1s experiencia a m\u00e1s clientes.<\/p>\n<\/div><\/section><\/div><\/div><\/div><\/div><!-- close content main div --><\/div><\/div><div id='after_section_2' class='main_color av_default_container_wrap container_wrap sidebar_right'   ><div class='container' ><div class='template-page content  av-content-small alpha units'><div class='post-entry post-entry-type-page post-entry-4825'><div class='entry-content-wrapper clearfix'><\/div><\/div><\/div><!-- close content main div --><\/div><\/div><div id='av_section_3' class='avia-section main_color avia-section-default avia-no-shadow avia-bg-style-scroll   container_wrap sidebar_right' style = 'background-color: #ffffff; '  ><div class='container' ><div class='template-page content  av-content-small alpha units'><div class='post-entry post-entry-type-page post-entry-4825'><div class='entry-content-wrapper clearfix'>\n<section class=\"av_textblock_section \"  itemscope=\"itemscope\" itemtype=\"https:\/\/schema.org\/CreativeWork\" ><div class='avia_textblock  av_inherit_color '  style='color:#0a80c5; '  itemprop=\"text\" ><h2 style=\"text-align: center;\">Los turistas pueden disfrutarse juntos del penguin del bote semisumergible de motor,<\/h2>\n<h2 class=\"av-special-heading-tag \" style=\"text-align: center;\">\u00a0aplicando varios contenidos para las caracter\u00edsticas del sitio.<\/h2>\n<\/div><\/section>\n<div style=' margin-top:30px; margin-bottom:0;'  class='hr hr-custom hr-center hr-icon-yes  '><span class='hr-inner   inner-border-av-border-thin' style=' width:50px;' ><span class='hr-inner-style'><\/span><\/span><span class='av-seperator-icon' style='color:#0a80c5;' aria-hidden='true' data-av_icon='\ue80f' data-av_iconfont='entypo-fontello'><\/span><span class='hr-inner   inner-border-av-border-thin' style=' width:50px;' ><span class='hr-inner-style'><\/span><\/span><\/div>\n<\/div><\/div><\/div><!-- close content main div --><\/div><\/div><div id='after_section_3' class='main_color av_default_container_wrap container_wrap sidebar_right'   ><div class='container' ><div class='template-page content  av-content-small alpha units'><div class='post-entry post-entry-type-page post-entry-4825'><div class='entry-content-wrapper clearfix'><\/p>\n<div id='av-masonry-1' class='av-masonry noHover av-fixed-size av-large-gap av-hover-overlay- av-masonry-col-4 av-caption-on-hover av-caption-style- av-masonry-gallery   av-orientation-landscape-large  '  ><div class='av-masonry-container isotope av-js-disabled ' ><div class='av-masonry-entry isotope-item av-masonry-item-no-image '><\/div><a href=\"http:\/\/www.penguinol.com\/wp-content\/uploads\/2017\/09\/s2-1-1030x687.gif\" id='av-masonry-1-item-4993' data-av-masonry-item='4993' class='av-masonry-entry isotope-item post-4993 attachment type-attachment status-inherit hentry  av-masonry-item-with-image' title=\"Alimentaci\u00f3n de los peces que a los ni\u00f1os les gusta\"  itemprop=\"thumbnailUrl\" ><div class='av-inner-masonry-sizer'><\/div><figure class='av-inner-masonry main_color'><div class=\"av-masonry-outerimage-container\"><div class=\"av-masonry-image-container\" style=\"background-image: url(http:\/\/www.penguinol.com\/wp-content\/uploads\/2017\/09\/s2-1-705x470.gif);\"><img decoding=\"async\" src=\"http:\/\/www.penguinol.com\/wp-content\/uploads\/2017\/09\/s2-1-705x470.gif\" title=\"\" alt=\"\" \/><\/div><\/div><figcaption class='av-inner-masonry-content site-background'><div class='av-inner-masonry-content-pos'><div class='av-inner-masonry-content-pos-content'><div class='avia-arrow'><\/div><div class='av-masonry-entry-content entry-content'  itemprop=\"text\" >Alimentaci\u00f3n de los peces que a los ni\u00f1os les gusta<\/div><\/div><\/div><\/figcaption><\/figure><\/a><!--end av-masonry entry--><a href=\"http:\/\/www.penguinol.com\/wp-content\/uploads\/2017\/09\/s3-1.gif\" id='av-masonry-1-item-4994' data-av-masonry-item='4994' class='av-masonry-entry isotope-item post-4994 attachment type-attachment status-inherit hentry  av-masonry-item-with-image' title=\"Buceo que se disfruta seguro\"  itemprop=\"thumbnailUrl\" ><div class='av-inner-masonry-sizer'><\/div><figure class='av-inner-masonry main_color'><div class=\"av-masonry-outerimage-container\"><div class=\"av-masonry-image-container\" style=\"background-image: url(http:\/\/www.penguinol.com\/wp-content\/uploads\/2017\/09\/s3-1-705x529.gif);\"><img decoding=\"async\" src=\"http:\/\/www.penguinol.com\/wp-content\/uploads\/2017\/09\/s3-1-705x529.gif\" title=\"\" alt=\"\" \/><\/div><\/div><figcaption class='av-inner-masonry-content site-background'><div class='av-inner-masonry-content-pos'><div class='av-inner-masonry-content-pos-content'><div class='avia-arrow'><\/div><div class='av-masonry-entry-content entry-content'  itemprop=\"text\" >Buceo que se disfruta seguro<\/div><\/div><\/div><\/figcaption><\/figure><\/a><!--end av-masonry entry--><a href=\"http:\/\/www.penguinol.com\/wp-content\/uploads\/2017\/09\/s4-1.gif\" id='av-masonry-1-item-4995' data-av-masonry-item='4995' class='av-masonry-entry isotope-item post-4995 attachment type-attachment status-inherit hentry  av-masonry-item-with-image' title=\"Un paseo en el atardecer solo una vez al d\u00eda(Transporte por agua al atardecer) \"  itemprop=\"thumbnailUrl\" ><div class='av-inner-masonry-sizer'><\/div><figure class='av-inner-masonry main_color'><div class=\"av-masonry-outerimage-container\"><div class=\"av-masonry-image-container\" style=\"background-image: url(http:\/\/www.penguinol.com\/wp-content\/uploads\/2017\/09\/s4-1-705x470.gif);\"><img decoding=\"async\" src=\"http:\/\/www.penguinol.com\/wp-content\/uploads\/2017\/09\/s4-1-705x470.gif\" title=\"\" alt=\"\" \/><\/div><\/div><figcaption class='av-inner-masonry-content site-background'><div class='av-inner-masonry-content-pos'><div class='av-inner-masonry-content-pos-content'><div class='avia-arrow'><\/div><div class='av-masonry-entry-content entry-content'  itemprop=\"text\" >Un paseo en el atardecer solo una vez al d\u00eda(Transporte por agua al atardecer) <\/div><\/div><\/div><\/figcaption><\/figure><\/a><!--end av-masonry entry--><a href=\"http:\/\/www.penguinol.com\/wp-content\/uploads\/2017\/09\/s5-1.gif\" id='av-masonry-1-item-4996' data-av-masonry-item='4996' class='av-masonry-entry isotope-item post-4996 attachment type-attachment status-inherit hentry  av-masonry-item-with-image' title=\"Rom\u00e1ntica fiesta a bordo disfrutada en la noche\"  itemprop=\"thumbnailUrl\" ><div class='av-inner-masonry-sizer'><\/div><figure class='av-inner-masonry main_color'><div class=\"av-masonry-outerimage-container\"><div class=\"av-masonry-image-container\" style=\"background-image: url(http:\/\/www.penguinol.com\/wp-content\/uploads\/2017\/09\/s5-1-705x529.gif);\"><img decoding=\"async\" src=\"http:\/\/www.penguinol.com\/wp-content\/uploads\/2017\/09\/s5-1-705x529.gif\" title=\"\" alt=\"\" \/><\/div><\/div><figcaption class='av-inner-masonry-content site-background'><div class='av-inner-masonry-content-pos'><div class='av-inner-masonry-content-pos-content'><div class='avia-arrow'><\/div><div class='av-masonry-entry-content entry-content'  itemprop=\"text\" >Rom\u00e1ntica fiesta a bordo disfrutada en la noche<\/div><\/div><\/div><\/figcaption><\/figure><\/a><!--end av-masonry entry--><a href=\"http:\/\/www.penguinol.com\/wp-content\/uploads\/2017\/09\/s6-1.gif\" id='av-masonry-1-item-4997' data-av-masonry-item='4997' class='av-masonry-entry isotope-item post-4997 attachment type-attachment status-inherit hentry  av-masonry-item-with-image' title=\"Nataci\u00f3n de que se disfruta en el medio de mar\"  itemprop=\"thumbnailUrl\" ><div class='av-inner-masonry-sizer'><\/div><figure class='av-inner-masonry main_color'><div class=\"av-masonry-outerimage-container\"><div class=\"av-masonry-image-container\" style=\"background-image: url(http:\/\/www.penguinol.com\/wp-content\/uploads\/2017\/09\/s6-1-705x529.gif);\"><img decoding=\"async\" src=\"http:\/\/www.penguinol.com\/wp-content\/uploads\/2017\/09\/s6-1-705x529.gif\" title=\"\" alt=\"\" \/><\/div><\/div><figcaption class='av-inner-masonry-content site-background'><div class='av-inner-masonry-content-pos'><div class='av-inner-masonry-content-pos-content'><div class='avia-arrow'><\/div><div class='av-masonry-entry-content entry-content'  itemprop=\"text\" >Nataci\u00f3n de que se disfruta en el medio de mar<\/div><\/div><\/div><\/figcaption><\/figure><\/a><!--end av-masonry entry--><a href=\"http:\/\/www.penguinol.com\/wp-content\/uploads\/2017\/09\/s7-1.gif\" id='av-masonry-1-item-4998' data-av-masonry-item='4998' class='av-masonry-entry isotope-item post-4998 attachment type-attachment status-inherit hentry  av-masonry-item-with-image' title=\"Pesca de que se disfruta con la vista submarina\"  itemprop=\"thumbnailUrl\" ><div class='av-inner-masonry-sizer'><\/div><figure class='av-inner-masonry main_color'><div class=\"av-masonry-outerimage-container\"><div class=\"av-masonry-image-container\" style=\"background-image: url(http:\/\/www.penguinol.com\/wp-content\/uploads\/2017\/09\/s7-1-705x529.gif);\"><img decoding=\"async\" src=\"http:\/\/www.penguinol.com\/wp-content\/uploads\/2017\/09\/s7-1-705x529.gif\" title=\"\" alt=\"\" \/><\/div><\/div><figcaption class='av-inner-masonry-content site-background'><div class='av-inner-masonry-content-pos'><div class='av-inner-masonry-content-pos-content'><div class='avia-arrow'><\/div><div class='av-masonry-entry-content entry-content'  itemprop=\"text\" >Pesca de que se disfruta con la vista submarina<\/div><\/div><\/div><\/figcaption><\/figure><\/a><!--end av-masonry entry--><a href=\"http:\/\/www.penguinol.com\/wp-content\/uploads\/2017\/09\/s8-1.gif\" id='av-masonry-1-item-4999' data-av-masonry-item='4999' class='av-masonry-entry isotope-item post-4999 attachment type-attachment status-inherit hentry  av-masonry-item-with-image' title=\"Excursi\u00f3n en el mar de que se disfruta encima del mar\"  itemprop=\"thumbnailUrl\" ><div class='av-inner-masonry-sizer'><\/div><figure class='av-inner-masonry main_color'><div class=\"av-masonry-outerimage-container\"><div class=\"av-masonry-image-container\" style=\"background-image: url(http:\/\/www.penguinol.com\/wp-content\/uploads\/2017\/09\/s8-1-705x529.gif);\"><img decoding=\"async\" src=\"http:\/\/www.penguinol.com\/wp-content\/uploads\/2017\/09\/s8-1-705x529.gif\" title=\"\" alt=\"\" \/><\/div><\/div><figcaption class='av-inner-masonry-content site-background'><div class='av-inner-masonry-content-pos'><div class='av-inner-masonry-content-pos-content'><div class='avia-arrow'><\/div><div class='av-masonry-entry-content entry-content'  itemprop=\"text\" >Excursi\u00f3n en el mar de que se disfruta encima del mar<\/div><\/div><\/div><\/figcaption><\/figure><\/a><!--end av-masonry entry--><a href=\"http:\/\/www.penguinol.com\/wp-content\/uploads\/2017\/09\/s9-1-1030x687.gif\" id='av-masonry-1-item-5000' data-av-masonry-item='5000' class='av-masonry-entry isotope-item post-5000 attachment type-attachment status-inherit hentry  av-masonry-item-with-image' title=\"Admisi\u00f3n submarina que se comparte con los ni\u00f1os\"  itemprop=\"thumbnailUrl\" ><div class='av-inner-masonry-sizer'><\/div><figure class='av-inner-masonry main_color'><div class=\"av-masonry-outerimage-container\"><div class=\"av-masonry-image-container\" style=\"background-image: url(http:\/\/www.penguinol.com\/wp-content\/uploads\/2017\/09\/s9-1-705x470.gif);\"><img decoding=\"async\" src=\"http:\/\/www.penguinol.com\/wp-content\/uploads\/2017\/09\/s9-1-705x470.gif\" title=\"\" alt=\"\" \/><\/div><\/div><figcaption class='av-inner-masonry-content site-background'><div class='av-inner-masonry-content-pos'><div class='av-inner-masonry-content-pos-content'><div class='avia-arrow'><\/div><div class='av-masonry-entry-content entry-content'  itemprop=\"text\" >Admisi\u00f3n submarina que se comparte con los ni\u00f1os<\/div><\/div><\/div><\/figcaption><\/figure><\/a><!--end av-masonry entry--><\/div><\/div>\n<\/div><\/div><\/div><!-- close content main div --><\/div><\/div><div id='av_section_4' class='avia-section main_color avia-section-default avia-no-shadow avia-bg-style-scroll   container_wrap sidebar_right'   ><div class='container' ><div class='template-page content  av-content-small alpha units'><div class='post-entry post-entry-type-page post-entry-4825'><div class='entry-content-wrapper clearfix'>\n<section class=\"av_textblock_section \"  itemscope=\"itemscope\" itemtype=\"https:\/\/schema.org\/CreativeWork\" ><div class='avia_textblock  av_inherit_color '  style='color:#0a80c5; '  itemprop=\"text\" ><h2 style=\"text-align: center;\">Si quiere conocer m\u00e1s del penguin<\/h2>\n<\/div><\/section>\n<div style='height:50px' class='hr hr-invisible  '><span class='hr-inner ' ><span class='hr-inner-style'><\/span><\/span><\/div>\n<div class=\"flex_column av_one_third  flex_column_div av-zero-column-padding first  \" style='border-radius:0px; '><div class='avia-button-wrap avia-button-center '><a href='http:\/\/www.penguinol.com\/es\/guia-preguntas-y-respuestas\/' class='avia-button avia-button-fullwidth  av-icon-on-hover avia-icon_select-yes-left-icon avia-color-theme-color '  style='color:#ffffff; ' ><span class='avia_button_icon avia_button_icon_left ' aria-hidden='true' data-av_icon='\ue841' data-av_iconfont='entypo-fontello'><\/span><span class='avia_iconbox_title' >Gu\u00eda<\/span><span class='avia_button_background avia-button avia-button-fullwidth avia-color-theme-color-highlight' ><\/span><\/a><\/div><\/div><div class=\"flex_column av_one_third  flex_column_div av-zero-column-padding   \" style='border-radius:0px; '><div class='avia-button-wrap avia-button-center '><a href='http:\/\/www.penguinol.com\/es\/bote-semisumergible\/' class='avia-button avia-button-fullwidth  av-icon-on-hover avia-icon_select-yes-left-icon avia-color-theme-color '  style='color:#ffffff; ' ><span class='avia_button_icon avia_button_icon_left ' aria-hidden='true' data-av_icon='\ue803' data-av_iconfont='entypo-fontello'><\/span><span class='avia_iconbox_title' >Presentaci\u00f3n del producto<\/span><span class='avia_button_background avia-button avia-button-fullwidth avia-color-theme-color-highlight' ><\/span><\/a><\/div><\/div><div class=\"flex_column av_one_third  flex_column_div av-zero-column-padding   \" style='border-radius:0px; '><div class='avia-button-wrap avia-button-center '><a href='http:\/\/www.penguinol.com\/es\/no-de-telefono\/' class='avia-button avia-button-fullwidth  av-icon-on-hover avia-icon_select-yes-left-icon avia-color-theme-color '  style='color:#ffffff; ' ><span class='avia_button_icon avia_button_icon_left ' aria-hidden='true' data-av_icon='\ue805' data-av_iconfont='entypo-fontello'><\/span><span class='avia_iconbox_title' >Preguntas<\/span><span class='avia_button_background avia-button avia-button-fullwidth avia-color-theme-color-highlight' ><\/span><\/a><\/div><\/div>\n<\/div><\/div><\/div><!-- close content main div --><\/div><\/div><div id='after_section_4' class='main_color av_default_container_wrap container_wrap sidebar_right'   ><div class='container' ><div class='template-page content  av-content-small alpha units'><div class='post-entry post-entry-type-page post-entry-4825'><div class='entry-content-wrapper clearfix'>\n","protected":false},"excerpt":{"rendered":"","protected":false},"author":1,"featured_media":0,"parent":0,"menu_order":30,"comment_status":"closed","ping_status":"closed","template":"","meta":{"footnotes":""},"aioseo_notices":[],"_links":{"self":[{"href":"http:\/\/www.penguinol.com\/es\/wp-json\/wp\/v2\/pages\/4825"}],"collection":[{"href":"http:\/\/www.penguinol.com\/es\/wp-json\/wp\/v2\/pages"}],"about":[{"href":"http:\/\/www.penguinol.com\/es\/wp-json\/wp\/v2\/types\/page"}],"author":[{"embeddable":true,"href":"http:\/\/www.penguinol.com\/es\/wp-json\/wp\/v2\/users\/1"}],"replies":[{"embeddable":true,"href":"http:\/\/www.penguinol.com\/es\/wp-json\/wp\/v2\/comments?post=4825"}],"version-history":[{"count":8,"href":"http:\/\/www.penguinol.com\/es\/wp-json\/wp\/v2\/pages\/4825\/revisions"}],"predecessor-version":[{"id":5035,"href":"http:\/\/www.penguinol.com\/es\/wp-json\/wp\/v2\/pages\/4825\/revisions\/5035"}],"wp:attachment":[{"href":"http:\/\/www.penguinol.com\/es\/wp-json\/wp\/v2\/media?parent=4825"}],"curies":[{"name":"wp","href":"https:\/\/api.w.org\/{rel}","templated":true}]}}