{"id":4837,"date":"2017-09-21T15:24:27","date_gmt":"2017-09-21T06:24:27","guid":{"rendered":"http:\/\/www.penguinol.com\/?page_id=4837"},"modified":"2017-09-22T15:08:00","modified_gmt":"2017-09-22T06:08:00","slug":"guia-preguntas-y-respuestas","status":"publish","type":"page","link":"http:\/\/www.penguinol.com\/es\/guia-preguntas-y-respuestas\/","title":{"rendered":"Gu\u00eda &#038; Preguntas y Respuestas"},"content":{"rendered":"<div id='layer_slider_1' class='avia-layerslider main_color avia-shadow  container_wrap sidebar_right'    style='height: 401px;' ><\/div>\n<\/div><\/div><\/div><!-- close content main div --><\/div><\/div><div id='av_section_1' class='avia-section main_color avia-section-default avia-no-shadow avia-bg-style-scroll   container_wrap sidebar_right'   ><div class='container' ><div class='template-page content  av-content-small alpha units'><div class='post-entry post-entry-type-page post-entry-4837'><div class='entry-content-wrapper clearfix'>\n<div class='avia-icon-list-container  '><ul class='avia-icon-list avia-icon-list-left av-iconlist-big avia_animate_when_almost_visible'>\n<li><div  style='background-color:#28a8e0; ' class='iconlist_icon  avia-font-entypo-fontello'><span class='iconlist-char ' aria-hidden='true' data-av_icon='\ue812' data-av_iconfont='entypo-fontello'><\/span><\/div><article class=\"article-icon-entry \"  itemscope=\"itemscope\" itemtype=\"https:\/\/schema.org\/CreativeWork\" ><div class='iconlist_content_wrap'><header class=\"entry-content-header\"><h4 class='av_iconlist_title iconlist_title av_inherit_color '  itemprop=\"headline\"   style='color:#0a80c5; '>Ambiente submarino<\/h4><\/header><div class='iconlist_content  '  itemprop=\"text\"  ><p>Para operar el penguin del Bote Semisumergible, es necesario tener muchos recursos tur\u00edsticos dentro del mar.<\/p>\n<\/div><\/div><footer class=\"entry-footer\"><\/footer><\/article><div class='iconlist-timeline'><\/div><\/li>\n<li><div  style='background-color:#28a8e0; ' class='iconlist_icon  avia-font-entypo-fontello'><span class='iconlist-char ' aria-hidden='true' data-av_icon='\ue812' data-av_iconfont='entypo-fontello'><\/span><\/div><article class=\"article-icon-entry \"  itemscope=\"itemscope\" itemtype=\"https:\/\/schema.org\/CreativeWork\" ><div class='iconlist_content_wrap'><header class=\"entry-content-header\"><h4 class='av_iconlist_title iconlist_title av_inherit_color '  itemprop=\"headline\"   style='color:#0a80c5; '>Profundidad minima del agua : 2M<\/h4><\/header><div class='iconlist_content  '  itemprop=\"text\"  ><p>El indicador del mar del penguin(penguin 2.0) es 1.21m,<br \/>\ny se necesita unos 2M de la profundidad de agua al considerar un poco de ola o la sacudida al subir a bordo y el terreno irregular etc.<\/p>\n<p>*En caso del mar, es necesario asegurar 2m en bajamar, considerando el flujo y reflujo de la marea.<\/p>\n<\/div><\/div><footer class=\"entry-footer\"><\/footer><\/article><div class='iconlist-timeline'><\/div><\/li>\n<li><div  style='background-color:#28a8e0; ' class='iconlist_icon  avia-font-entypo-fontello'><span class='iconlist-char ' aria-hidden='true' data-av_icon='\ue812' data-av_iconfont='entypo-fontello'><\/span><\/div><article class=\"article-icon-entry \"  itemscope=\"itemscope\" itemtype=\"https:\/\/schema.org\/CreativeWork\" ><div class='iconlist_content_wrap'><header class=\"entry-content-header\"><h4 class='av_iconlist_title iconlist_title av_inherit_color '  itemprop=\"headline\"   style='color:#0a80c5; '>0.5M de la altura de la ola<\/h4><\/header><div class='iconlist_content  '  itemprop=\"text\"  ><p>Es recommendable operar el penguin en el lago \u00f3 en la costa cercana con menos de 0.5m de la altura de la ola.<br \/>\nEs posible transportarlo por agua hasta en el ambiente de m\u00e1s de 0.5m de la altura de la ola, pero el pasajero puede sentir el mareo.<\/p>\n<p>*Altura de la ola: Altura de suelo y de horma de la ola<\/p>\n<\/div><\/div><footer class=\"entry-footer\"><\/footer><\/article><div class='iconlist-timeline'><\/div><\/li>\n<li><div  style='background-color:#28a8e0; ' class='iconlist_icon  avia-font-entypo-fontello'><span class='iconlist-char ' aria-hidden='true' data-av_icon='\ue812' data-av_iconfont='entypo-fontello'><\/span><\/div><article class=\"article-icon-entry \"  itemscope=\"itemscope\" itemtype=\"https:\/\/schema.org\/CreativeWork\" ><div class='iconlist_content_wrap'><header class=\"entry-content-header\"><h4 class='av_iconlist_title iconlist_title av_inherit_color '  itemprop=\"headline\"   style='color:#0a80c5; '>Visitante<\/h4><\/header><div class='iconlist_content  '  itemprop=\"text\"  ><p>Se necesita cierto n\u00famero de visitantes paraque se genere la ganancia a pesar de ser un ambiente bueno.<\/p>\n<\/div><\/div><footer class=\"entry-footer\"><\/footer><\/article><div class='iconlist-timeline'><\/div><\/li>\n<li><div  style='background-color:#28a8e0; ' class='iconlist_icon  avia-font-entypo-fontello'><span class='iconlist-char ' aria-hidden='true' data-av_icon='\ue812' data-av_iconfont='entypo-fontello'><\/span><\/div><article class=\"article-icon-entry \"  itemscope=\"itemscope\" itemtype=\"https:\/\/schema.org\/CreativeWork\" ><div class='iconlist_content_wrap'><header class=\"entry-content-header\"><h4 class='av_iconlist_title iconlist_title av_inherit_color '  itemprop=\"headline\"   style='color:#0a80c5; '>Instalaciones de atraque<\/h4><\/header><div class='iconlist_content  '  itemprop=\"text\"  ><p>El peso del penguin del Bote Semisumergible es unos 4.3 toneladas, y se necesita la instalaci\u00f3n de atraque tan fuerte como para tolerar el peso de 5 toneladas.<br \/>\nEs recomendable para la eficiencia de negocio que la distancia entre la<br \/>\ninstalaci\u00f3n de atraque y la zona de operaci\u00f3n sea menos de unos 500m y que el tiempo no sea m\u00e1s de unos 15 minutos.<\/p>\n<\/div><\/div><footer class=\"entry-footer\"><\/footer><\/article><div class='iconlist-timeline'><\/div><\/li>\n<li><div  style='background-color:#28a8e0; ' class='iconlist_icon  avia-font-entypo-fontello'><span class='iconlist-char ' aria-hidden='true' data-av_icon='\ue812' data-av_iconfont='entypo-fontello'><\/span><\/div><article class=\"article-icon-entry \"  itemscope=\"itemscope\" itemtype=\"https:\/\/schema.org\/CreativeWork\" ><div class='iconlist_content_wrap'><header class=\"entry-content-header\"><h4 class='av_iconlist_title iconlist_title av_inherit_color '  itemprop=\"headline\"   style='color:#0a80c5; '>Instalaci\u00f3n el\u00e9ctrica y empleado(Corresponde al \u2018penguin\u2019 del tipo el\u00e9ctrico)<\/h4><\/header><div class='iconlist_content  '  itemprop=\"text\"  ><p>Para cargar el penguin del Bote Semisumergible, se necesita 5kw de electricidad para 1 unidad.<br \/>\nSe necesitan las instalaciones de suministro de electricidad dentro de unos 15m del ancladero.<br \/>\nSe necesita el empleado para la carga y la gesti\u00f3n de bater\u00eda.<\/p>\n<\/div><\/div><footer class=\"entry-footer\"><\/footer><\/article><div class='iconlist-timeline'><\/div><\/li>\n<li><div  style='background-color:#28a8e0; ' class='iconlist_icon  avia-font-entypo-fontello'><span class='iconlist-char ' aria-hidden='true' data-av_icon='\ue812' data-av_iconfont='entypo-fontello'><\/span><\/div><article class=\"article-icon-entry \"  itemscope=\"itemscope\" itemtype=\"https:\/\/schema.org\/CreativeWork\" ><div class='iconlist_content_wrap'><header class=\"entry-content-header\"><h4 class='av_iconlist_title iconlist_title av_inherit_color '  itemprop=\"headline\"   style='color:#0a80c5; '>Si lo va a transportar o no<\/h4><\/header><div class='iconlist_content  '  itemprop=\"text\"  ><p>Para transportar el penguin por tierra, se necesita el tr\u00e1iler de cabeza baja \u00f3 las gr\u00faas de carga(m\u00e1s de 5 toneladas),<br \/>\ny para transportar con el barco, se necesita la barcaza \u00f3 la lancha de atoaje.<\/p>\n<\/div><\/div><footer class=\"entry-footer\"><\/footer><\/article><div class='iconlist-timeline'><\/div><\/li>\n<\/ul><\/div>\n<\/div><\/div><\/div><!-- close content main div --><\/div><\/div><div id='after_section_1' class='main_color av_default_container_wrap container_wrap sidebar_right'   ><div class='container' ><div class='template-page content  av-content-small alpha units'><div class='post-entry post-entry-type-page post-entry-4837'><div class='entry-content-wrapper clearfix'><\/div><\/div><\/div><!-- close content main div --><\/div><\/div><div id='av_section_2' class='avia-section main_color avia-section-default avia-no-shadow avia-bg-style-scroll   container_wrap sidebar_right' style = 'background-color: #ffffff; '  ><div class='container' ><div class='template-page content  av-content-small alpha units'><div class='post-entry post-entry-type-page post-entry-4837'><div class='entry-content-wrapper clearfix'>\n<div class=\"flex_column av_one_fifth  flex_column_div av-zero-column-padding first  \" style='border-radius:0px; '><\/div><div class=\"flex_column av_three_fifth  flex_column_div av-zero-column-padding   \" style='border-radius:0px; '><section class=\"av_textblock_section \"  itemscope=\"itemscope\" itemtype=\"https:\/\/schema.org\/CreativeWork\" ><div class='avia_textblock  '   itemprop=\"text\" ><p style=\"text-align: center;\"><strong>Esta compa\u00f1ia le puede ofrecer varias soluciones, con abundante experiencia de operar el Bote Semisumergible de Motor. <\/strong><\/p>\n<p style=\"text-align: center;\">A pesar de que no sea la condici\u00f3n coincidente con la gu\u00eda, si contacta con nosotros, les dar\u00e9 la ayuda mediante la consulta.<\/p>\n<\/div><\/section><\/div><div class=\"flex_column av_one_fifth  flex_column_div av-zero-column-padding   \" style='border-radius:0px; '><\/div><div style=' margin-top:0px; margin-bottom:10px;'  class='hr hr-custom hr-center hr-icon-no  '><span class='hr-inner   inner-border-av-border-thin' style=' width:50px; border-color:rgba(255,255,255,0.01);' ><span class='hr-inner-style'><\/span><\/span><\/div>\n<div class=\"flex_column av_one_half  flex_column_div av-zero-column-padding first  \" style='border-radius:0px; '><div class='avia-button-wrap avia-button-center '><a href='http:\/\/www.penguinol.com\/es\/no-de-telefono\/' class='avia-button avia-button-fullwidth  av-icon-on-hover avia-icon_select-yes-left-icon avia-color-theme-color '  style='color:#ffffff; ' ><span class='avia_button_icon avia_button_icon_left ' aria-hidden='true' data-av_icon='\ue805' data-av_iconfont='entypo-fontello'><\/span><span class='avia_iconbox_title' >Preguntas<\/span><span class='avia_button_background avia-button avia-button-fullwidth avia-color-theme-color-highlight' ><\/span><\/a><\/div><\/div><div class=\"flex_column av_one_half  flex_column_div av-zero-column-padding   \" style='border-radius:0px; '><div class='avia-button-wrap avia-button-center '><a href='http:\/\/www.penguinol.com\/es\/bote-semisumergible\/' class='avia-button avia-button-fullwidth  av-icon-on-hover avia-icon_select-yes-left-icon avia-color-theme-color '  style='color:#ffffff; ' ><span class='avia_button_icon avia_button_icon_left ' aria-hidden='true' data-av_icon='\ue803' data-av_iconfont='entypo-fontello'><\/span><span class='avia_iconbox_title' >Presentaci\u00f3n del producto<\/span><span class='avia_button_background avia-button avia-button-fullwidth avia-color-theme-color-highlight' ><\/span><\/a><\/div><\/div><\/div><\/div><\/div><!-- close content main div --><\/div><\/div><div id='after_section_2' class='main_color av_default_container_wrap container_wrap sidebar_right'   ><div class='container' ><div class='template-page content  av-content-small alpha units'><div class='post-entry post-entry-type-page post-entry-4837'><div class='entry-content-wrapper clearfix'><\/p>\n","protected":false},"excerpt":{"rendered":"","protected":false},"author":1,"featured_media":0,"parent":0,"menu_order":31,"comment_status":"closed","ping_status":"closed","template":"","meta":{"footnotes":""},"aioseo_notices":[],"_links":{"self":[{"href":"http:\/\/www.penguinol.com\/es\/wp-json\/wp\/v2\/pages\/4837"}],"collection":[{"href":"http:\/\/www.penguinol.com\/es\/wp-json\/wp\/v2\/pages"}],"about":[{"href":"http:\/\/www.penguinol.com\/es\/wp-json\/wp\/v2\/types\/page"}],"author":[{"embeddable":true,"href":"http:\/\/www.penguinol.com\/es\/wp-json\/wp\/v2\/users\/1"}],"replies":[{"embeddable":true,"href":"http:\/\/www.penguinol.com\/es\/wp-json\/wp\/v2\/comments?post=4837"}],"version-history":[{"count":6,"href":"http:\/\/www.penguinol.com\/es\/wp-json\/wp\/v2\/pages\/4837\/revisions"}],"predecessor-version":[{"id":5008,"href":"http:\/\/www.penguinol.com\/es\/wp-json\/wp\/v2\/pages\/4837\/revisions\/5008"}],"wp:attachment":[{"href":"http:\/\/www.penguinol.com\/es\/wp-json\/wp\/v2\/media?parent=4837"}],"curies":[{"name":"wp","href":"https:\/\/api.w.org\/{rel}","templated":true}]}}