{"id":4853,"date":"2017-09-21T15:55:09","date_gmt":"2017-09-21T06:55:09","guid":{"rendered":"http:\/\/www.penguinol.com\/?page_id=4853"},"modified":"2023-05-17T17:01:57","modified_gmt":"2023-05-17T08:01:57","slug":"bote-semisumergible","status":"publish","type":"page","link":"http:\/\/www.penguinol.com\/es\/bote-semisumergible\/","title":{"rendered":"Bote Semisumergible"},"content":{"rendered":"<div id='layer_slider_1' class='avia-layerslider main_color avia-shadow  container_wrap sidebar_right'    style='height: 401px;' ><\/div>\n<\/div><\/div><\/div><!-- close content main div --><\/div><\/div><div id='av_section_1' class='avia-section main_color avia-section-default avia-no-shadow avia-bg-style-scroll   container_wrap sidebar_right'   ><div class='container' ><div class='template-page content  av-content-small alpha units'><div class='post-entry post-entry-type-page post-entry-4853'><div class='entry-content-wrapper clearfix'>\n<div class=\"flex_column av_one_half  flex_column_div av-zero-column-padding first  \" style='border-radius:0px; '><p><div  data-size='magazine'  data-lightbox_size='large'  data-animation='slide'  data-ids='4180'  data-video_counter='0'  data-autoplay='false'  data-bg_slider='false'  data-slide_height=''  data-handle='av_slideshow'  data-interval='5'  data-class=' '  data-css_id=''  data-scroll_down=''  data-control_layout='av-control-default'  data-custom_markup=''  data-perma_caption=''  data-autoplay_stopper=''  data-image_attachment=''  data-min_height='0px'  data-default-height='52.816901408451'  class='avia-slideshow avia-slideshow-1  av-control-default av-default-height-applied avia-slideshow-magazine av_slideshow   avia-slide-slider '  itemscope=\"itemscope\" itemtype=\"https:\/\/schema.org\/ImageObject\" ><ul class='avia-slideshow-inner' style='padding-bottom: 52.816901408451%;'><li  class=' av-single-slide slide-1 ' ><div data-rel='slideshow-1' class='avia-slide-wrap'  ><img src='http:\/\/www.penguinol.com\/wp-content\/uploads\/2017\/08\/\uac00\uc871\uacfc-\ud568\uaed8-710x375.png' width='710' height='375' title='\uac00\uc871\uacfc-\ud568\uaed8' alt='Various content'  itemprop=\"thumbnailUrl\"   \/><\/div><\/li><\/ul><\/div><br \/>\n<div style='padding-bottom:10px;' class='av-special-heading av-special-heading-h4    '><h4 class='av-special-heading-tag '  itemprop=\"headline\"  >Penguin con que puede disfrutarse de varios contenidos<\/h4><div class='special-heading-border'><div class='special-heading-inner-border' ><\/div><\/div><\/div><br \/>\n<section class=\"av_textblock_section \"  itemscope=\"itemscope\" itemtype=\"https:\/\/schema.org\/CreativeWork\" ><div class='avia_textblock  '   itemprop=\"text\" ><ul>\n<li>El penguin es el bote semisumergible de bote con que puede disfrutarse de varios contenidos, utilizando el camarote para ver adentro del mar y la amplia cubierta superior.<\/li>\n<\/ul>\n<\/div><\/section><\/p><\/div><div class=\"flex_column av_one_half  flex_column_div av-zero-column-padding   \" style='border-radius:0px; '><p><div  data-size='magazine'  data-lightbox_size='large'  data-animation='slide'  data-ids='4177'  data-video_counter='0'  data-autoplay='false'  data-bg_slider='false'  data-slide_height=''  data-handle='av_slideshow'  data-interval='5'  data-class=' '  data-css_id=''  data-scroll_down=''  data-control_layout='av-control-default'  data-custom_markup=''  data-perma_caption=''  data-autoplay_stopper=''  data-image_attachment=''  data-min_height='0px'  data-default-height='52.816901408451'  class='avia-slideshow avia-slideshow-2  av-control-default av-default-height-applied avia-slideshow-magazine av_slideshow   avia-slide-slider '  itemscope=\"itemscope\" itemtype=\"https:\/\/schema.org\/ImageObject\" ><ul class='avia-slideshow-inner' style='padding-bottom: 52.816901408451%;'><li  class=' av-single-slide slide-1 ' ><div data-rel='slideshow-2' class='avia-slide-wrap'  ><img src='http:\/\/www.penguinol.com\/wp-content\/uploads\/2017\/08\/\uc27d\uac8c-\uc990\uae30\ub294-710x375.jpg' width='710' height='375' title='DCIM100GOPROGOPR0841.' alt='Easy underwater ride'  itemprop=\"thumbnailUrl\"   \/><\/div><\/li><\/ul><\/div><br \/>\n<div style='padding-bottom:10px;' class='av-special-heading av-special-heading-h4     '><h4 class='av-special-heading-tag '  itemprop=\"headline\"  >Recorrido subacu\u00e1tico que cualquier persona puede disfrutarse f\u00e1cilmente<\/h4><div class='special-heading-border'><div class='special-heading-inner-border' ><\/div><\/div><\/div><br \/>\n<section class=\"av_textblock_section \"  itemscope=\"itemscope\" itemtype=\"https:\/\/schema.org\/CreativeWork\" ><div class='avia_textblock  '   itemprop=\"text\" ><ul>\n<li>El penguin est\u00e1 disponible para la gente que no sabe nadar \u00f3 la gente que le cuesta entrar en el agua, y varios tipos de clientes amplios pueden disfrutarse del mar hermoso.<\/li>\n<\/ul>\n<\/div><\/section><\/p><\/div><div class=\"flex_column av_one_half  flex_column_div av-zero-column-padding first  \" style='border-radius:0px; '><p><div  data-size='magazine'  data-lightbox_size='large'  data-animation='slide'  data-ids='4178'  data-video_counter='0'  data-autoplay='false'  data-bg_slider='false'  data-slide_height=''  data-handle='av_slideshow'  data-interval='5'  data-class=' '  data-css_id=''  data-scroll_down=''  data-control_layout='av-control-default'  data-custom_markup=''  data-perma_caption=''  data-autoplay_stopper=''  data-image_attachment=''  data-min_height='0px'  data-default-height='52.816901408451'  class='avia-slideshow avia-slideshow-3  av-control-default av-default-height-applied avia-slideshow-magazine av_slideshow   avia-slide-slider '  itemscope=\"itemscope\" itemtype=\"https:\/\/schema.org\/ImageObject\" ><ul class='avia-slideshow-inner' style='padding-bottom: 52.816901408451%;'><li  class=' av-single-slide slide-1 ' ><div data-rel='slideshow-3' class='avia-slide-wrap'  ><img src='http:\/\/www.penguinol.com\/wp-content\/uploads\/2017\/08\/\uce5c\ud658\uacbd-710x375.jpg' width='710' height='375' title='\uce5c\ud658\uacbd' alt='Marine conservation'  itemprop=\"thumbnailUrl\"   \/><\/div><\/li><\/ul><\/div><br \/>\n<div style='padding-bottom:10px;' class='av-special-heading av-special-heading-h4     '><h4 class='av-special-heading-tag '  itemprop=\"headline\"  >Cultura de que se disfruta, protegiendo la naturaleza<\/h4><div class='special-heading-border'><div class='special-heading-inner-border' ><\/div><\/div><\/div><br \/>\n<section class=\"av_textblock_section \"  itemscope=\"itemscope\" itemtype=\"https:\/\/schema.org\/CreativeWork\" ><div class='avia_textblock  '   itemprop=\"text\" ><ul>\n<li>El penguin movido con el sistema el\u00e9ctrico sin la contaminaci\u00f3n ambiental puede ser utilizado como el recurso tur\u00edstico, sin da\u00f1ar a la hermosa naturaleza del lugar tur\u00edstico.<\/li>\n<\/ul>\n<\/div><\/section><\/p><\/div><div class=\"flex_column av_one_half  flex_column_div av-zero-column-padding   \" style='border-radius:0px; '><p><div  data-size='magazine'  data-lightbox_size='large'  data-animation='slide'  data-ids='4179'  data-video_counter='0'  data-autoplay='false'  data-bg_slider='false'  data-slide_height=''  data-handle='av_slideshow'  data-interval='5'  data-class=' '  data-css_id=''  data-scroll_down=''  data-control_layout='av-control-default'  data-custom_markup=''  data-perma_caption=''  data-autoplay_stopper=''  data-image_attachment=''  data-min_height='0px'  data-default-height='52.816901408451'  class='avia-slideshow avia-slideshow-4  av-control-default av-default-height-applied avia-slideshow-magazine av_slideshow   avia-slide-slider '  itemscope=\"itemscope\" itemtype=\"https:\/\/schema.org\/ImageObject\" ><ul class='avia-slideshow-inner' style='padding-bottom: 52.816901408451%;'><li  class=' av-single-slide slide-1 ' ><div data-rel='slideshow-4' class='avia-slide-wrap'  ><img src='http:\/\/www.penguinol.com\/wp-content\/uploads\/2017\/08\/1459907749109-710x375.jpg' width='710' height='375' title='1459907749109' alt='Authorized high technology'  itemprop=\"thumbnailUrl\"   \/><\/div><\/li><\/ul><\/div><br \/>\n<div style='padding-bottom:10px;' class='av-special-heading av-special-heading-h4    '><h4 class='av-special-heading-tag '  itemprop=\"headline\"  >T\u00e9cnicos capacitados que se compartan con el penguin<\/h4><div class='special-heading-border'><div class='special-heading-inner-border' ><\/div><\/div><\/div><br \/>\n<section class=\"av_textblock_section \"  itemscope=\"itemscope\" itemtype=\"https:\/\/schema.org\/CreativeWork\" ><div class='avia_textblock  '   itemprop=\"text\" ><ul>\n<li>El penguin ha recibido la certificaci\u00f3n de CE(las normas de seguridad integrada de EU) mediante el resistente de Liotd(Inglaterra), la autoridad de clasificaci\u00f3n mundial, y es seguro por la tecnolog\u00eda y know-how de los t\u00e9cnicos capacitados de la compa\u00f1ia especializada en el bote salvavidas que ha producido el bote salvavidas durante 45 a\u00f1os.<\/li>\n<\/ul>\n<\/div><\/section><\/p><\/div>\n<\/div><\/div><\/div><!-- close content main div --><\/div><\/div><div id='after_section_1' class='main_color av_default_container_wrap container_wrap sidebar_right'   ><div class='container' ><div class='template-page content  av-content-small alpha units'><div class='post-entry post-entry-type-page post-entry-4853'><div class='entry-content-wrapper clearfix'>\n<\/div><\/div><\/div><!-- close content main div --><\/div><\/div><div id='av_section_2' class='avia-section main_color avia-section-default avia-no-shadow avia-bg-style-scroll   container_wrap sidebar_right' style = 'background-color: #ffffff; '  ><div class='container' ><div class='template-page content  av-content-small alpha units'><div class='post-entry post-entry-type-page post-entry-4853'><div class='entry-content-wrapper clearfix'>\n<section class=\"av_textblock_section \"  itemscope=\"itemscope\" itemtype=\"https:\/\/schema.org\/CreativeWork\" ><div class='avia_textblock  '   itemprop=\"text\" ><h2 class=\"pg-blue\" style=\"text-align: center;\">Modelo de producto<\/h2>\n<\/div><\/section>\n<div style=' margin-top:10px; margin-bottom:20px;'  class='hr hr-custom hr-center hr-icon-yes  '><span class='hr-inner   inner-border-av-border-thin' style=' width:50px;' ><span class='hr-inner-style'><\/span><\/span><span class='av-seperator-icon' style='color:#0a80c5;' aria-hidden='true' data-av_icon='\ue82b' data-av_iconfont='entypo-fontello'><\/span><span class='hr-inner   inner-border-av-border-thin' style=' width:50px;' ><span class='hr-inner-style'><\/span><\/span><\/div>\n<div class=\"flex_column av_one_fourth  flex_column_div av-zero-column-padding first  \" style='border-radius:0px; '><\/div><div class=\"flex_column av_one_fourth  flex_column_div av-zero-column-padding   \" style='border-radius:0px; '><div class='avia-image-container  av-styling-  noHover  av-overlay-hover-deactivate   avia-align-center '  itemscope=\"itemscope\" itemtype=\"https:\/\/schema.org\/ImageObject\"  ><div class='avia-image-container-inner'><a href='http:\/\/www.penguinol.com\/es\/bote-semisumergible\/pinguino-2-0\/' class='avia_image'  ><div class='av-image-caption-overlay'><div class='av-caption-image-overlay-bg' style='opacity:0.5; background-color:#000000; '><\/div><div class='av-image-caption-overlay-position'><div class='av-image-caption-overlay-center' style='color:#ffffff; font-size:16px; '><p>PENGUIN 2.0<\/p>\n<\/div><\/div><\/div><img class='avia_image ' src='http:\/\/www.penguinol.com\/wp-content\/uploads\/2017\/08\/\ud3ad\uadc42.0-\uc55e-495x400.jpg' alt='' title='\ud3ad\uadc4 2.0'  itemprop=\"thumbnailUrl\"  \/><\/a><\/div><\/div><\/div><div class=\"flex_column av_one_fourth  flex_column_div av-zero-column-padding   \" style='border-radius:0px; '><div class='avia-image-container  av-styling-  noHover  av-overlay-hover-deactivate   avia-align-center '  itemscope=\"itemscope\" itemtype=\"https:\/\/schema.org\/ImageObject\"  ><div class='avia-image-container-inner'><a href='http:\/\/www.penguinol.com\/es\/bote-semisumergible\/pinguino-2-1\/' class='avia_image'  ><div class='av-image-caption-overlay'><div class='av-caption-image-overlay-bg' style='opacity:0.5; background-color:#000000; '><\/div><div class='av-image-caption-overlay-position'><div class='av-image-caption-overlay-center' style='color:#ffffff; font-size:16px; '><p>PENGUIN 2.1<\/p>\n<\/div><\/div><\/div><img class='avia_image ' src='http:\/\/www.penguinol.com\/wp-content\/uploads\/2017\/08\/3.png' alt='' title=''  itemprop=\"thumbnailUrl\"  \/><\/a><\/div><\/div><\/div><div class=\"flex_column av_one_fourth  flex_column_div av-zero-column-padding   \" style='border-radius:0px; '><\/div><\/div><\/div><\/div><!-- close content main div --><\/div><\/div><div id='after_section_2' class='main_color av_default_container_wrap container_wrap sidebar_right'   ><div class='container' ><div class='template-page content  av-content-small alpha units'><div class='post-entry post-entry-type-page post-entry-4853'><div class='entry-content-wrapper clearfix'><\/div><\/div><\/div><!-- close content main div --><\/div><\/div><div id='av_section_3' class='avia-section main_color avia-section-default avia-no-shadow avia-bg-style-scroll   container_wrap sidebar_right'   ><div class='container' ><div class='template-page content  av-content-small alpha units'><div class='post-entry post-entry-type-page post-entry-4853'><div class='entry-content-wrapper clearfix'>\n<div class=\"flex_column av_one_fourth  flex_column_div av-zero-column-padding first  \" style='border-radius:0px; '><\/div><div class=\"flex_column av_one_fourth  flex_column_div av-zero-column-padding   \" style='border-radius:0px; '><div class='avia-button-wrap avia-button-center '><a href='http:\/\/www.penguinol.com\/es\/guia-preguntas-y-respuestas\/' class='avia-button avia-button-fullwidth  av-icon-on-hover avia-icon_select-yes-left-icon avia-color-theme-color '  style='color:#ffffff; ' ><span class='avia_button_icon avia_button_icon_left ' aria-hidden='true' data-av_icon='\ue841' data-av_iconfont='entypo-fontello'><\/span><span class='avia_iconbox_title' >Gu\u00eda<\/span><span class='avia_button_background avia-button avia-button-fullwidth avia-color-theme-color-highlight' ><\/span><\/a><\/div><\/div><div class=\"flex_column av_one_fourth  flex_column_div av-zero-column-padding   \" style='border-radius:0px; '><div class='avia-button-wrap avia-button-center '><a href='http:\/\/www.penguinol.com\/es\/no-de-telefono\/' class='avia-button avia-button-fullwidth  av-icon-on-hover avia-icon_select-yes-left-icon avia-color-theme-color '  style='color:#ffffff; ' ><span class='avia_button_icon avia_button_icon_left ' aria-hidden='true' data-av_icon='\ue805' data-av_iconfont='entypo-fontello'><\/span><span class='avia_iconbox_title' >Preguntas<\/span><span class='avia_button_background avia-button avia-button-fullwidth avia-color-theme-color-highlight' ><\/span><\/a><\/div><\/div><div class=\"flex_column av_one_fourth  flex_column_div av-zero-column-padding   \" style='border-radius:0px; '><\/div>\n<\/div><\/div><\/div><!-- close content main div --><\/div><\/div><div id='after_section_3' class='main_color av_default_container_wrap container_wrap sidebar_right'   ><div class='container' ><div class='template-page content  av-content-small alpha units'><div class='post-entry post-entry-type-page post-entry-4853'><div class='entry-content-wrapper clearfix'><\/p>\n","protected":false},"excerpt":{"rendered":"","protected":false},"author":1,"featured_media":0,"parent":0,"menu_order":40,"comment_status":"closed","ping_status":"closed","template":"","meta":{"footnotes":""},"aioseo_notices":[],"_links":{"self":[{"href":"http:\/\/www.penguinol.com\/es\/wp-json\/wp\/v2\/pages\/4853"}],"collection":[{"href":"http:\/\/www.penguinol.com\/es\/wp-json\/wp\/v2\/pages"}],"about":[{"href":"http:\/\/www.penguinol.com\/es\/wp-json\/wp\/v2\/types\/page"}],"author":[{"embeddable":true,"href":"http:\/\/www.penguinol.com\/es\/wp-json\/wp\/v2\/users\/1"}],"replies":[{"embeddable":true,"href":"http:\/\/www.penguinol.com\/es\/wp-json\/wp\/v2\/comments?post=4853"}],"version-history":[{"count":9,"href":"http:\/\/www.penguinol.com\/es\/wp-json\/wp\/v2\/pages\/4853\/revisions"}],"predecessor-version":[{"id":6184,"href":"http:\/\/www.penguinol.com\/es\/wp-json\/wp\/v2\/pages\/4853\/revisions\/6184"}],"wp:attachment":[{"href":"http:\/\/www.penguinol.com\/es\/wp-json\/wp\/v2\/media?parent=4853"}],"curies":[{"name":"wp","href":"https:\/\/api.w.org\/{rel}","templated":true}]}}