{"id":4895,"date":"2017-09-21T17:08:33","date_gmt":"2017-09-21T08:08:33","guid":{"rendered":"http:\/\/www.penguinol.com\/?page_id=4895"},"modified":"2019-11-26T17:20:06","modified_gmt":"2019-11-26T08:20:06","slug":"pinguino-4-0","status":"publish","type":"page","link":"http:\/\/www.penguinol.com\/es\/bote-semisumergible\/pinguino-4-0\/","title":{"rendered":"PENGUIN 4.0"},"content":{"rendered":"<div id='layer_slider_1' class='avia-layerslider main_color avia-shadow  container_wrap sidebar_right'    style='height: 401px;' ><\/div>\n<\/div><\/div><\/div><!-- close content main div --><\/div><\/div><div id='product-section' class='avia-section main_color avia-section-default avia-no-shadow avia-bg-style-scroll   container_wrap sidebar_right' style = 'background-color: #ffffff; '  ><div class='container' ><div class='template-page content  av-content-small alpha units'><div class='post-entry post-entry-type-page post-entry-4895'><div class='entry-content-wrapper clearfix'>\n<div style='padding-bottom:5px;color:#0a81c5;' class='av-special-heading av-special-heading-h2 custom-color-heading    '><h2 class='av-special-heading-tag '  itemprop=\"headline\"  >BOTE SEMISUMERGIBLE &#8211; PENGUIN 4.0<\/h2><div class='special-heading-border'><div class='special-heading-inner-border' style='border-color:#0a81c5'><\/div><\/div><\/div>\n<div style=' margin-top:0; margin-bottom:30px;'  class='hr hr-custom hr-center hr-icon-no  '><span class='hr-inner   inner-border-av-border-thin' style=' width:50px; border-color:#ffffff;' ><span class='hr-inner-style'><\/span><\/span><\/div>\n<div class=\"flex_column av_one_half  flex_column_div av-zero-column-padding first  \" style='border-radius:0px; '><div class='avia-gallery  avia-gallery-1 deactivate_avia_lazyload avia_animate_when_visible '  itemscope=\"itemscope\" itemtype=\"https:\/\/schema.org\/ImageObject\" ><a class='avia-gallery-big fakeLightbox lightbox avia-gallery-big-crop-thumb ' href='http:\/\/www.penguinol.com\/wp-content\/uploads\/2017\/08\/4.png'  data-onclick='1' title='' ><span class='avia-gallery-big-inner'  itemprop=\"thumbnailUrl\" >\t<img width='495' height='400' src='http:\/\/www.penguinol.com\/wp-content\/uploads\/2017\/08\/4.png' title='' alt='' \/><\/span><\/a><div class='avia-gallery-thumb'> <a href='http:\/\/www.penguinol.com\/wp-content\/uploads\/2017\/08\/4.png' data-rel='gallery-1' data-prev-img='http:\/\/www.penguinol.com\/wp-content\/uploads\/2017\/08\/4.png' class='first_thumb lightbox ' data-onclick='1' title=''  itemprop=\"thumbnailUrl\" ><img  src='http:\/\/www.penguinol.com\/wp-content\/uploads\/2017\/08\/4.png' width='495' height='400'  title='' alt='' \/><\/a> <a href='http:\/\/www.penguinol.com\/wp-content\/uploads\/2019\/11\/penguin-4_1.png' data-rel='gallery-1' data-prev-img='http:\/\/www.penguinol.com\/wp-content\/uploads\/2019\/11\/penguin-4_1.png' class='lightbox ' data-onclick='2' title=''  itemprop=\"thumbnailUrl\" ><img  src='http:\/\/www.penguinol.com\/wp-content\/uploads\/2019\/11\/penguin-4_1.png' width='680' height='570'  title='penguin-4_1' alt='' \/><\/a> <a href='http:\/\/www.penguinol.com\/wp-content\/uploads\/2019\/11\/penguin-4_2.png' data-rel='gallery-1' data-prev-img='http:\/\/www.penguinol.com\/wp-content\/uploads\/2019\/11\/penguin-4_2.png' class='lightbox ' data-onclick='3' title=''  itemprop=\"thumbnailUrl\" ><img  src='http:\/\/www.penguinol.com\/wp-content\/uploads\/2019\/11\/penguin-4_2.png' width='680' height='570'  title='penguin-4_2' alt='' \/><\/a> <a href='http:\/\/www.penguinol.com\/wp-content\/uploads\/2019\/11\/penguin-4_3.png' data-rel='gallery-1' data-prev-img='http:\/\/www.penguinol.com\/wp-content\/uploads\/2019\/11\/penguin-4_3.png' class='lightbox ' data-onclick='4' title=''  itemprop=\"thumbnailUrl\" ><img  src='http:\/\/www.penguinol.com\/wp-content\/uploads\/2019\/11\/penguin-4_3.png' width='680' height='570'  title='penguin-4_3' alt='' \/><\/a> <a href='http:\/\/www.penguinol.com\/wp-content\/uploads\/2019\/11\/penguin-4_4.png' data-rel='gallery-1' data-prev-img='http:\/\/www.penguinol.com\/wp-content\/uploads\/2019\/11\/penguin-4_4.png' class='lightbox ' data-onclick='5' title=''  itemprop=\"thumbnailUrl\" ><img  src='http:\/\/www.penguinol.com\/wp-content\/uploads\/2019\/11\/penguin-4_4.png' width='680' height='570'  title='penguin-4_4' alt='' \/><\/a> <a href='http:\/\/www.penguinol.com\/wp-content\/uploads\/2019\/11\/penguin-4_5.png' data-rel='gallery-1' data-prev-img='http:\/\/www.penguinol.com\/wp-content\/uploads\/2019\/11\/penguin-4_5.png' class='lightbox ' data-onclick='6' title=''  itemprop=\"thumbnailUrl\" ><img  src='http:\/\/www.penguinol.com\/wp-content\/uploads\/2019\/11\/penguin-4_5.png' width='680' height='570'  title='penguin-4_5' alt='' \/><\/a> <a href='http:\/\/www.penguinol.com\/wp-content\/uploads\/2019\/11\/penguin-4_6.png' data-rel='gallery-1' data-prev-img='http:\/\/www.penguinol.com\/wp-content\/uploads\/2019\/11\/penguin-4_6.png' class='lightbox ' data-onclick='7' title=''  itemprop=\"thumbnailUrl\" ><img  src='http:\/\/www.penguinol.com\/wp-content\/uploads\/2019\/11\/penguin-4_6.png' width='680' height='570'  title='penguin-4_6' alt='' \/><\/a> <a href='http:\/\/www.penguinol.com\/wp-content\/uploads\/2019\/11\/penguin-4_7.png' data-rel='gallery-1' data-prev-img='http:\/\/www.penguinol.com\/wp-content\/uploads\/2019\/11\/penguin-4_7.png' class='lightbox ' data-onclick='8' title=''  itemprop=\"thumbnailUrl\" ><img  src='http:\/\/www.penguinol.com\/wp-content\/uploads\/2019\/11\/penguin-4_7.png' width='680' height='570'  title='penguin-4_7' alt='' \/><\/a><\/div><\/div><\/div><div class=\"flex_column av_one_half  flex_column_div   \" style='padding:30px; border-radius:0px; '><section class=\"avia_codeblock_section  avia_code_block_0\"  itemscope=\"itemscope\" itemtype=\"https:\/\/schema.org\/CreativeWork\" ><div class='avia_codeblock '  itemprop=\"text\" > [avia_codeblock_placeholder uid=\"0\"] <\/div><\/section><br \/>\n<div  class='hr hr-short hr-center  '><span class='hr-inner ' ><span class='hr-inner-style'><\/span><\/span><\/div><br \/>\n<section class=\"av_textblock_section \"  itemscope=\"itemscope\" itemtype=\"https:\/\/schema.org\/CreativeWork\" ><div class='avia_textblock  '   itemprop=\"text\" ><p>El PENGUIN 4.0 es el modelo \u00fatil en un puerto con buen ambiente y en el acuario interno.<\/p>\n<p>La amplia ventana submarina puede darle al cliente el sentimiento como si estuviera de parado encima de agua, ofreci\u00e9ndole una experiencia alegre.<\/p>\n<p>Fue dise\u00f1ado para no interrumpir la vista submarina, con la generaci\u00f3n de capa de aire en el suelo, creando la l\u00ednea de emisi\u00f3n de aire.<\/p>\n<p>Fue dise\u00f1ado paraque a pesar de que la parte inferior de barco estuviera rota, no todo el barco est\u00e9 completamente hundido,<\/p>\n<p>y tiene la estructura dual del vidrio de piso, utilizando el vidrio flexible para la parte exterior que se jacta por ser 200 veces m\u00e1s intenso que el vidrio de mismo grosor.<\/p>\n<p>Para el vidrio de cubierta interna, el vidrio templado fue utilizado a fin de eliminar f\u00e1cilmente la fuente de contaminaci\u00f3n y prevenir el rasgu\u00f1o.<\/p>\n<\/div><\/section><\/p><\/div><div style='height:50px' class='hr hr-invisible  '><span class='hr-inner ' ><span class='hr-inner-style'><\/span><\/span><\/div>\n<div class=\"flex_column av_one_half  flex_column_div av-zero-column-padding first  \" style='border-radius:0px; '><section class=\"av_textblock_section \"  itemscope=\"itemscope\" itemtype=\"https:\/\/schema.org\/CreativeWork\" ><div class='avia_textblock  '   itemprop=\"text\" ><p><b>Specifications<\/b><\/p>\n<table class=\"product-table\">\n<tbody>\n<tr>\n<td>Dimension (LxBxH)<\/td>\n<td>3,500 mm x 2,340 mm x 1,730 mm<\/td>\n<\/tr>\n<tr>\n<td>Light weight<\/td>\n<td>400 (kg) (without Propulsion)<\/td>\n<\/tr>\n<tr>\n<td>Draft<\/td>\n<td>260 \/ 310 (mm)<\/td>\n<\/tr>\n<tr>\n<td>Boarding person<\/td>\n<td>Total 9 persons<\/td>\n<\/tr>\n<\/tbody>\n<\/table>\n<\/div><\/section><\/div><div class=\"flex_column av_one_half  flex_column_div av-zero-column-padding   \" style='border-radius:0px; '><section class=\"av_textblock_section \"  itemscope=\"itemscope\" itemtype=\"https:\/\/schema.org\/CreativeWork\" ><div class='avia_textblock  '   itemprop=\"text\" ><p><b>Propulsion<\/b><\/p>\n<table class=\"product-table\">\n<tbody>\n<tr>\n<td>Propellant<\/td>\n<td>Electrical motor (3hp)<\/td>\n<\/tr>\n<tr>\n<td>Propellant specification<\/td>\n<td>29.6 v<\/td>\n<\/tr>\n<tr>\n<td>Fuel type<\/td>\n<td>Electric Battery<\/td>\n<\/tr>\n<tr>\n<td>Running Time<\/td>\n<td>4 Hours<\/td>\n<\/tr>\n<tr>\n<td>Speed<\/td>\n<td>Max. 2 knots : calm sea<\/td>\n<\/tr>\n<\/tbody>\n<\/table>\n<\/div><\/section><\/div><\/div><\/div><\/div><!-- close content main div --><\/div><\/div><div id='after_section_1' class='main_color av_default_container_wrap container_wrap sidebar_right'   ><div class='container' ><div class='template-page content  av-content-small alpha units'><div class='post-entry post-entry-type-page post-entry-4895'><div class='entry-content-wrapper clearfix'><\/div><\/div><\/div><!-- close content main div --><\/div><\/div><div id='av_section_2' class='avia-section main_color avia-section-default avia-no-shadow avia-bg-style-scroll   container_wrap sidebar_right' style = 'background-color: #ffffff; '  ><div class='container' ><div class='template-page content  av-content-small alpha units'><div class='post-entry post-entry-type-page post-entry-4895'><div class='entry-content-wrapper clearfix'>\n<section class=\"av_textblock_section \"  itemscope=\"itemscope\" itemtype=\"https:\/\/schema.org\/CreativeWork\" ><div class='avia_textblock  '   itemprop=\"text\" ><h2 class=\"pg-blue\" style=\"text-align: center;\">Modelo de producto<\/h2>\n<\/div><\/section>\n<div style=' margin-top:10px; margin-bottom:20px;'  class='hr hr-custom hr-center hr-icon-yes  '><span class='hr-inner   inner-border-av-border-thin' style=' width:50px;' ><span class='hr-inner-style'><\/span><\/span><span class='av-seperator-icon' style='color:#0a80c5;' aria-hidden='true' data-av_icon='\ue82b' data-av_iconfont='entypo-fontello'><\/span><span class='hr-inner   inner-border-av-border-thin' style=' width:50px;' ><span class='hr-inner-style'><\/span><\/span><\/div>\n<div class=\"flex_column av_one_fifth  flex_column_div av-zero-column-padding first  \" style='border-radius:0px; '><div class='avia-image-container  av-styling-  noHover  av-overlay-hover-deactivate   avia-align-center '  itemscope=\"itemscope\" itemtype=\"https:\/\/schema.org\/ImageObject\"  ><div class='avia-image-container-inner'><a href='http:\/\/www.penguinol.com\/es\/bote-semisumergible\/pinguino-1-0\/' class='avia_image'  ><div class='av-image-caption-overlay'><div class='av-caption-image-overlay-bg' style='opacity:0.5; background-color:#000000; '><\/div><div class='av-image-caption-overlay-position'><div class='av-image-caption-overlay-center' style='color:#ffffff; font-size:16px; '><p>PENGUIN 1.0<\/p>\n<\/div><\/div><\/div><img class='avia_image ' src='http:\/\/www.penguinol.com\/wp-content\/uploads\/2017\/08\/\ud3ad\uadc41.0-\uc0ac\uc9c4\uad50\uccb4-495x400.jpg' alt='' title=''  itemprop=\"thumbnailUrl\"  \/><\/a><\/div><\/div><\/div><div class=\"flex_column av_one_fifth  flex_column_div av-zero-column-padding   \" style='border-radius:0px; '><div class='avia-image-container  av-styling-  noHover  av-overlay-hover-deactivate   avia-align-center '  itemscope=\"itemscope\" itemtype=\"https:\/\/schema.org\/ImageObject\"  ><div class='avia-image-container-inner'><a href='http:\/\/www.penguinol.com\/es\/bote-semisumergible\/pinguino-2-0\/' class='avia_image'  ><div class='av-image-caption-overlay'><div class='av-caption-image-overlay-bg' style='opacity:0.5; background-color:#000000; '><\/div><div class='av-image-caption-overlay-position'><div class='av-image-caption-overlay-center' style='color:#ffffff; font-size:16px; '><p>PENGUIN 2.0<\/p>\n<\/div><\/div><\/div><img class='avia_image ' src='http:\/\/www.penguinol.com\/wp-content\/uploads\/2017\/08\/\ud3ad\uadc42.0-\uc55e-495x400.jpg' alt='' title='\ud3ad\uadc4 2.0'  itemprop=\"thumbnailUrl\"  \/><\/a><\/div><\/div><\/div><div class=\"flex_column av_one_fifth  flex_column_div av-zero-column-padding   \" style='border-radius:0px; '><div class='avia-image-container  av-styling-  noHover  av-overlay-hover-deactivate   avia-align-center '  itemscope=\"itemscope\" itemtype=\"https:\/\/schema.org\/ImageObject\"  ><div class='avia-image-container-inner'><a href='http:\/\/www.penguinol.com\/es\/bote-semisumergible\/pinguino-2-1\/' class='avia_image'  ><div class='av-image-caption-overlay'><div class='av-caption-image-overlay-bg' style='opacity:0.5; background-color:#000000; '><\/div><div class='av-image-caption-overlay-position'><div class='av-image-caption-overlay-center' style='color:#ffffff; font-size:16px; '><p>PENGUIN 2.1<\/p>\n<\/div><\/div><\/div><img class='avia_image ' src='http:\/\/www.penguinol.com\/wp-content\/uploads\/2017\/08\/3.png' alt='' title=''  itemprop=\"thumbnailUrl\"  \/><\/a><\/div><\/div><\/div><div class=\"flex_column av_one_fifth  flex_column_div av-zero-column-padding   \" style='border-radius:0px; '><div class='avia-image-container  av-styling-  noHover  av-overlay-hover-deactivate   avia-align-center '  itemscope=\"itemscope\" itemtype=\"https:\/\/schema.org\/ImageObject\"  ><div class='avia-image-container-inner'><a href='http:\/\/www.penguinol.com\/es\/bote-semisumergible\/pinguino-3-0\/' class='avia_image'  ><div class='av-image-caption-overlay'><div class='av-caption-image-overlay-bg' style='opacity:0.5; background-color:#000000; '><\/div><div class='av-image-caption-overlay-position'><div class='av-image-caption-overlay-center' style='color:#ffffff; font-size:16px; '><p>PENGUIN 3.0<\/p>\n<\/div><\/div><\/div><img class='avia_image ' src='http:\/\/www.penguinol.com\/wp-content\/uploads\/2019\/11\/penguin3_thumImg.png' alt='' title='penguin3_thumImg'  itemprop=\"thumbnailUrl\"  \/><\/a><\/div><\/div><\/div><div class=\"flex_column av_one_fifth  flex_column_div av-zero-column-padding   \" style='border-radius:0px; '><div class='avia-image-container  av-styling-  noHover  av-overlay-hover-deactivate   avia-align-center '  itemscope=\"itemscope\" itemtype=\"https:\/\/schema.org\/ImageObject\"  ><div class='avia-image-container-inner'><a href='http:\/\/www.penguinol.com\/es\/bote-semisumergible\/pinguino-4-0\/' class='avia_image'  ><div class='av-image-caption-overlay'><div class='av-caption-image-overlay-bg' style='opacity:0.5; background-color:#000000; '><\/div><div class='av-image-caption-overlay-position'><div class='av-image-caption-overlay-center' style='color:#ffffff; font-size:16px; '><p>PENGUIN 4.0<\/p>\n<\/div><\/div><\/div><img class='avia_image ' src='http:\/\/www.penguinol.com\/wp-content\/uploads\/2017\/08\/4.png' alt='' title=''  itemprop=\"thumbnailUrl\"  \/><\/a><\/div><\/div><\/div>\n<\/div><\/div><\/div><!-- close content main div --><\/div><\/div><div id='after_section_2' class='main_color av_default_container_wrap container_wrap sidebar_right'   ><div class='container' ><div class='template-page content  av-content-small alpha units'><div class='post-entry post-entry-type-page post-entry-4895'><div class='entry-content-wrapper clearfix'><\/p>\n<\/div><\/div><\/div><!-- close content main div --><\/div><\/div><div id='av_section_3' class='avia-section main_color avia-section-default avia-no-border-styling avia-bg-style-scroll   container_wrap sidebar_right'   ><div class='container' ><div class='template-page content  av-content-small alpha units'><div class='post-entry post-entry-type-page post-entry-4895'><div class='entry-content-wrapper clearfix'>\n<div class=\"flex_column av_one_third  flex_column_div av-zero-column-padding first  \" style='border-radius:0px; '><\/div><div class=\"flex_column av_one_third  flex_column_div av-zero-column-padding   \" style='border-radius:0px; '><div class='avia-button-wrap avia-button-center '><a href='http:\/\/www.penguinol.com\/es\/no-de-telefono\/' class='avia-button avia-button-fullwidth  av-icon-on-hover avia-icon_select-yes-left-icon avia-color-theme-color '  style='color:#ffffff; ' ><span class='avia_button_icon avia_button_icon_left ' aria-hidden='true' data-av_icon='\ue805' data-av_iconfont='entypo-fontello'><\/span><span class='avia_iconbox_title' >Preguntas<\/span><span class='avia_button_background avia-button avia-button-fullwidth avia-color-theme-color-highlight' ><\/span><\/a><\/div><\/div><div class=\"flex_column av_one_third  flex_column_div av-zero-column-padding   \" style='border-radius:0px; '><\/div>\n<\/div><\/div><\/div><!-- close content main div --><\/div><\/div><div id='after_section_3' class='main_color av_default_container_wrap container_wrap sidebar_right'   ><div class='container' ><div class='template-page content  av-content-small alpha units'><div class='post-entry post-entry-type-page post-entry-4895'><div class='entry-content-wrapper clearfix'>\n","protected":false},"excerpt":{"rendered":"","protected":false},"author":1,"featured_media":0,"parent":4853,"menu_order":4,"comment_status":"closed","ping_status":"closed","template":"","meta":{"footnotes":""},"aioseo_notices":[],"_links":{"self":[{"href":"http:\/\/www.penguinol.com\/es\/wp-json\/wp\/v2\/pages\/4895"}],"collection":[{"href":"http:\/\/www.penguinol.com\/es\/wp-json\/wp\/v2\/pages"}],"about":[{"href":"http:\/\/www.penguinol.com\/es\/wp-json\/wp\/v2\/types\/page"}],"author":[{"embeddable":true,"href":"http:\/\/www.penguinol.com\/es\/wp-json\/wp\/v2\/users\/1"}],"replies":[{"embeddable":true,"href":"http:\/\/www.penguinol.com\/es\/wp-json\/wp\/v2\/comments?post=4895"}],"version-history":[{"count":10,"href":"http:\/\/www.penguinol.com\/es\/wp-json\/wp\/v2\/pages\/4895\/revisions"}],"predecessor-version":[{"id":5647,"href":"http:\/\/www.penguinol.com\/es\/wp-json\/wp\/v2\/pages\/4895\/revisions\/5647"}],"up":[{"embeddable":true,"href":"http:\/\/www.penguinol.com\/es\/wp-json\/wp\/v2\/pages\/4853"}],"wp:attachment":[{"href":"http:\/\/www.penguinol.com\/es\/wp-json\/wp\/v2\/media?parent=4895"}],"curies":[{"name":"wp","href":"https:\/\/api.w.org\/{rel}","templated":true}]}}