{"id":5753,"date":"2019-11-26T18:03:38","date_gmt":"2019-11-26T09:03:38","guid":{"rendered":"http:\/\/www.penguinol.com\/underwater_villa\/penguin_igloo_1-0\/"},"modified":"2019-11-27T10:00:36","modified_gmt":"2019-11-27T01:00:36","slug":"penguin_igloo_1-0","status":"publish","type":"page","link":"http:\/\/www.penguinol.com\/es\/underwater_villa\/penguin_igloo_1-0\/","title":{"rendered":"PENGUIN IGLOO 1.0"},"content":{"rendered":"<div id='layer_slider_1' class='avia-layerslider main_color avia-shadow  container_wrap sidebar_right'    style='height: 401px;' ><\/div>\n<\/div><\/div><\/div><!-- close content main div --><\/div><\/div><div id='product-section' class='avia-section main_color avia-section-default avia-no-border-styling avia-bg-style-scroll   container_wrap sidebar_right' style = 'background-color: #ffffff; '  ><div class='container' ><div class='template-page content  av-content-small alpha units'><div class='post-entry post-entry-type-page post-entry-5753'><div class='entry-content-wrapper clearfix'>\n<div style='padding-bottom:5px;color:#0a81c5;' class='av-special-heading av-special-heading-h2 custom-color-heading    '><h2 class='av-special-heading-tag '  itemprop=\"headline\"  >PENGUIN IGLOO 1.0 <\/h2><div class='special-heading-border'><div class='special-heading-inner-border' style='border-color:#0a81c5'><\/div><\/div><\/div>\n<div style=' margin-top:0; margin-bottom:30px;'  class='hr hr-custom hr-center hr-icon-no  '><span class='hr-inner   inner-border-av-border-thin' style=' width:50px; border-color:#ffffff;' ><span class='hr-inner-style'><\/span><\/span><\/div>\n<div class='flex_column_table av-equal-height-column-flextable -flextable' ><div class=\"flex_column av_one_half  flex_column_table_cell av-equal-height-column av-align-middle av-zero-column-padding first  \" style='border-radius:0px; '><div class='avia-gallery  avia-gallery-1 deactivate_avia_lazyload avia_animate_when_visible '  itemscope=\"itemscope\" itemtype=\"https:\/\/schema.org\/ImageObject\" ><a class='avia-gallery-big fakeLightbox lightbox avia-gallery-big-crop-thumb ' href='http:\/\/www.penguinol.com\/wp-content\/uploads\/2019\/11\/igloo1_0_01.png'  data-onclick='1' title='' ><span class='avia-gallery-big-inner'  itemprop=\"thumbnailUrl\" >\t<img width='680' height='570' src='http:\/\/www.penguinol.com\/wp-content\/uploads\/2019\/11\/igloo1_0_01.png' title='igloo1_0_01' alt='' \/><\/span><\/a><div class='avia-gallery-thumb'> <a href='http:\/\/www.penguinol.com\/wp-content\/uploads\/2019\/11\/igloo1_0_01.png' data-rel='gallery-1' data-prev-img='http:\/\/www.penguinol.com\/wp-content\/uploads\/2019\/11\/igloo1_0_01.png' class='first_thumb lightbox ' data-onclick='1' title=''  itemprop=\"thumbnailUrl\" ><img  src='http:\/\/www.penguinol.com\/wp-content\/uploads\/2019\/11\/igloo1_0_01.png' width='680' height='570'  title='igloo1_0_01' alt='' \/><\/a> <a href='http:\/\/www.penguinol.com\/wp-content\/uploads\/2019\/11\/igloo1_0_02.png' data-rel='gallery-1' data-prev-img='http:\/\/www.penguinol.com\/wp-content\/uploads\/2019\/11\/igloo1_0_02.png' class='lightbox ' data-onclick='2' title=''  itemprop=\"thumbnailUrl\" ><img  src='http:\/\/www.penguinol.com\/wp-content\/uploads\/2019\/11\/igloo1_0_02.png' width='680' height='570'  title='igloo1_0_02' alt='' \/><\/a> <a href='http:\/\/www.penguinol.com\/wp-content\/uploads\/2019\/11\/igloo1_0_03.png' data-rel='gallery-1' data-prev-img='http:\/\/www.penguinol.com\/wp-content\/uploads\/2019\/11\/igloo1_0_03.png' class='lightbox ' data-onclick='3' title=''  itemprop=\"thumbnailUrl\" ><img  src='http:\/\/www.penguinol.com\/wp-content\/uploads\/2019\/11\/igloo1_0_03.png' width='680' height='570'  title='igloo1_0_03' alt='' \/><\/a> <a href='http:\/\/www.penguinol.com\/wp-content\/uploads\/2019\/11\/igloo1_0_04.png' data-rel='gallery-1' data-prev-img='http:\/\/www.penguinol.com\/wp-content\/uploads\/2019\/11\/igloo1_0_04.png' class='lightbox ' data-onclick='4' title=''  itemprop=\"thumbnailUrl\" ><img  src='http:\/\/www.penguinol.com\/wp-content\/uploads\/2019\/11\/igloo1_0_04.png' width='680' height='570'  title='igloo1_0_04' alt='' \/><\/a> <a href='http:\/\/www.penguinol.com\/wp-content\/uploads\/2019\/11\/igloo1_0_05.png' data-rel='gallery-1' data-prev-img='http:\/\/www.penguinol.com\/wp-content\/uploads\/2019\/11\/igloo1_0_05.png' class='lightbox ' data-onclick='5' title=''  itemprop=\"thumbnailUrl\" ><img  src='http:\/\/www.penguinol.com\/wp-content\/uploads\/2019\/11\/igloo1_0_05.png' width='680' height='570'  title='igloo1_0_05' alt='' \/><\/a> <a href='http:\/\/www.penguinol.com\/wp-content\/uploads\/2019\/11\/igloo1_0_06.png' data-rel='gallery-1' data-prev-img='http:\/\/www.penguinol.com\/wp-content\/uploads\/2019\/11\/igloo1_0_06.png' class='lightbox ' data-onclick='6' title=''  itemprop=\"thumbnailUrl\" ><img  src='http:\/\/www.penguinol.com\/wp-content\/uploads\/2019\/11\/igloo1_0_06.png' width='680' height='570'  title='igloo1_0_06' alt='' \/><\/a> <a href='http:\/\/www.penguinol.com\/wp-content\/uploads\/2019\/11\/igloo1_0_07.png' data-rel='gallery-1' data-prev-img='http:\/\/www.penguinol.com\/wp-content\/uploads\/2019\/11\/igloo1_0_07.png' class='lightbox ' data-onclick='7' title=''  itemprop=\"thumbnailUrl\" ><img  src='http:\/\/www.penguinol.com\/wp-content\/uploads\/2019\/11\/igloo1_0_07.png' width='680' height='570'  title='igloo1_0_07' alt='' \/><\/a> <a href='http:\/\/www.penguinol.com\/wp-content\/uploads\/2019\/11\/igloo1_0_08.png' data-rel='gallery-1' data-prev-img='http:\/\/www.penguinol.com\/wp-content\/uploads\/2019\/11\/igloo1_0_08.png' class='lightbox ' data-onclick='8' title=''  itemprop=\"thumbnailUrl\" ><img  src='http:\/\/www.penguinol.com\/wp-content\/uploads\/2019\/11\/igloo1_0_08.png' width='680' height='570'  title='igloo1_0_08' alt='' \/><\/a> <a href='http:\/\/www.penguinol.com\/wp-content\/uploads\/2019\/11\/igloo1_0_09.png' data-rel='gallery-1' data-prev-img='http:\/\/www.penguinol.com\/wp-content\/uploads\/2019\/11\/igloo1_0_09.png' class='lightbox ' data-onclick='9' title=''  itemprop=\"thumbnailUrl\" ><img  src='http:\/\/www.penguinol.com\/wp-content\/uploads\/2019\/11\/igloo1_0_09.png' width='680' height='570'  title='igloo1_0_09' alt='' \/><\/a><\/div><\/div><\/div><\/div><!--close column table wrapper. Autoclose: 1 --><div class='flex_column_table av-equal-height-column-flextable -flextable' ><div class='av-flex-placeholder'><\/div><div class=\"flex_column av_one_half  flex_column_table_cell av-equal-height-column av-align-middle   \" style='padding:30px; border-radius:0px; '><p><section class=\"av_textblock_section \"  itemscope=\"itemscope\" itemtype=\"https:\/\/schema.org\/CreativeWork\" ><div class='avia_textblock  '   itemprop=\"text\" ><p>La villa subacu\u00e1tica PENGUIN IGLOO 1.0 ofrece un lugar confortable y acogedor en el mar. Dise\u00f1ado para la relajacion y el descanso, se recomienda a los clientes que buscan vacaciones de verdad. Es adecuado para instalaci\u00f3n en los complejos submarinos y uso comercial como complejos tur\u00edsticos subacu\u00e1ticos.<\/p>\n<\/div><\/section><br \/>\n<div  class='hr hr-short hr-center  '><span class='hr-inner ' ><span class='hr-inner-style'><\/span><\/span><\/div><br \/>\n<section class=\"av_textblock_section \"  itemscope=\"itemscope\" itemtype=\"https:\/\/schema.org\/CreativeWork\" ><div class='avia_textblock  '   itemprop=\"text\" ><p><b>Specifications<\/b><\/p>\n<table class=\"product-table\">\n<tbody>\n<tr>\n<td>Dimension (LxBxH)<\/td>\n<td>\u00d8 7,140 mm x 5,750 mm<br \/>\nSubstructure \u00d8 7,140 mm x 3,220 mm<\/td>\n<\/tr>\n<tr>\n<td>Net weight<\/td>\n<td>Substructure 9,500 kg<br \/>\nSuperstructure 4,000 ~ 5,000 kg<\/td>\n<\/tr>\n<tr>\n<td>Area for exclusive use<\/td>\n<td>47 \u33a1 (Deck: 38 \u33a1, U\/W room: 9 \u33a1)<\/td>\n<\/tr>\n<tr>\n<td>Ballast water tank<\/td>\n<td>13,260L<\/td>\n<\/tr>\n<tr>\n<td>NO. of windows<\/td>\n<td>6ea (Acrylic)<\/td>\n<\/tr>\n<tr>\n<td>Bed<\/td>\n<td>1ea (King size)<\/td>\n<\/tr>\n<tr>\n<td>Toilet\/shower room<\/td>\n<td>1ea<\/td>\n<\/tr>\n<tr>\n<td>Generator<\/td>\n<td>7kw<\/td>\n<\/tr>\n<\/tbody>\n<\/table>\n<\/div><\/section><\/p><\/div><\/div><!--close column table wrapper. Autoclose: 1 --><\/div><\/div><\/div><!-- close content main div --><\/div><\/div><div id='after_section_1' class='main_color av_default_container_wrap container_wrap sidebar_right'   ><div class='container' ><div class='template-page content  av-content-small alpha units'><div class='post-entry post-entry-type-page post-entry-5753'><div class='entry-content-wrapper clearfix'><\/div><\/div><\/div><!-- close content main div --><\/div><\/div><div id='av_section_2' class='avia-section main_color avia-section-default avia-no-shadow avia-bg-style-scroll   container_wrap sidebar_right' style = 'background-color: #ffffff; '  ><div class='container' ><div class='template-page content  av-content-small alpha units'><div class='post-entry post-entry-type-page post-entry-5753'><div class='entry-content-wrapper clearfix'>\n<section class=\"av_textblock_section \"  itemscope=\"itemscope\" itemtype=\"https:\/\/schema.org\/CreativeWork\" ><div class='avia_textblock  '   itemprop=\"text\" ><h2 class=\"pg-blue\" style=\"text-align: center;\">MODELO DE PRODUCTO<\/h2>\n<\/div><\/section>\n<div style=' margin-top:10px; margin-bottom:20px;'  class='hr hr-custom hr-center hr-icon-yes  '><span class='hr-inner   inner-border-av-border-thin' style=' width:50px;' ><span class='hr-inner-style'><\/span><\/span><span class='av-seperator-icon' style='color:#0a80c5;' aria-hidden='true' data-av_icon='\ue82b' data-av_iconfont='entypo-fontello'><\/span><span class='hr-inner   inner-border-av-border-thin' style=' width:50px;' ><span class='hr-inner-style'><\/span><\/span><\/div>\n<div class=\"flex_column av_one_fourth  flex_column_div av-zero-column-padding first  \" style='border-radius:0px; '><\/div><div class=\"flex_column av_one_fourth  flex_column_div av-zero-column-padding   \" style='border-radius:0px; '><div class='avia-image-container  av-styling-  noHover  av-overlay-hover-deactivate   avia-align-center '  itemscope=\"itemscope\" itemtype=\"https:\/\/schema.org\/ImageObject\"  ><div class='avia-image-container-inner'><a href='http:\/\/www.penguinol.com\/es\/underwater_villa\/penguin_igloo_1-0\/' class='avia_image'  ><div class='av-image-caption-overlay'><div class='av-caption-image-overlay-bg' style='opacity:0.5; background-color:#000000; '><\/div><div class='av-image-caption-overlay-position'><div class='av-image-caption-overlay-center' style='color:#ffffff; font-size:16px; '><p>PENGUIN IGLOO 1.0<\/p>\n<\/div><\/div><\/div><img class='avia_image ' src='http:\/\/www.penguinol.com\/wp-content\/uploads\/2019\/11\/igloo1.0_thum.png' alt='' title='igloo1.0_thum'  itemprop=\"thumbnailUrl\"  \/><\/a><\/div><\/div><\/div><div class=\"flex_column av_one_fourth  flex_column_div av-zero-column-padding   \" style='border-radius:0px; '><div class='avia-image-container  av-styling-  noHover  av-overlay-hover-deactivate   avia-align-center '  itemscope=\"itemscope\" itemtype=\"https:\/\/schema.org\/ImageObject\"  ><div class='avia-image-container-inner'><a href='http:\/\/www.penguinol.com\/es\/underwater_villa\/penguin_igloo_2-0\/' class='avia_image'  ><div class='av-image-caption-overlay'><div class='av-caption-image-overlay-bg' style='opacity:0.5; background-color:#000000; '><\/div><div class='av-image-caption-overlay-position'><div class='av-image-caption-overlay-center' style='color:#ffffff; font-size:16px; '><p>PENGUIN IGLOO 2.0<\/p>\n<\/div><\/div><\/div><img class='avia_image ' src='http:\/\/www.penguinol.com\/wp-content\/uploads\/2019\/11\/igloo2.0_thum.png' alt='' title='igloo2.0_thum'  itemprop=\"thumbnailUrl\"  \/><\/a><\/div><\/div><\/div><div class=\"flex_column av_one_fourth  flex_column_div av-zero-column-padding   \" style='border-radius:0px; '><\/div><\/div><\/div><\/div><!-- close content main div --><\/div><\/div><div id='after_section_2' class='main_color av_default_container_wrap container_wrap sidebar_right'   ><div class='container' ><div class='template-page content  av-content-small alpha units'><div class='post-entry post-entry-type-page post-entry-5753'><div class='entry-content-wrapper clearfix'><\/div><\/div><\/div><!-- close content main div --><\/div><\/div><div id='av_section_3' class='avia-section main_color avia-section-default avia-no-border-styling avia-bg-style-scroll   container_wrap sidebar_right'   ><div class='container' ><div class='template-page content  av-content-small alpha units'><div class='post-entry post-entry-type-page post-entry-5753'><div class='entry-content-wrapper clearfix'>\n<div class=\"flex_column av_one_third  flex_column_div av-zero-column-padding first  \" style='border-radius:0px; '><\/div><div class=\"flex_column av_one_third  flex_column_div av-zero-column-padding   \" style='border-radius:0px; '><div class='avia-button-wrap avia-button-center '><a href='http:\/\/www.penguinol.com\/es\/no-de-telefono\/' class='avia-button avia-button-fullwidth  av-icon-on-hover avia-icon_select-yes-left-icon avia-color-theme-color '  style='color:#ffffff; ' ><span class='avia_button_icon avia_button_icon_left ' aria-hidden='true' data-av_icon='\ue805' data-av_iconfont='entypo-fontello'><\/span><span class='avia_iconbox_title' >Preguntas<\/span><span class='avia_button_background avia-button avia-button-fullwidth avia-color-theme-color-highlight' ><\/span><\/a><\/div><\/div><div class=\"flex_column av_one_third  flex_column_div av-zero-column-padding   \" style='border-radius:0px; '><\/div><\/div><\/div><\/div><!-- close content main div --><\/div><\/div><div id='after_section_3' class='main_color av_default_container_wrap container_wrap sidebar_right'   ><div class='container' ><div class='template-page content  av-content-small alpha units'><div class='post-entry post-entry-type-page post-entry-5753'><div class='entry-content-wrapper clearfix'><\/p>\n","protected":false},"excerpt":{"rendered":"","protected":false},"author":1,"featured_media":0,"parent":5751,"menu_order":1,"comment_status":"closed","ping_status":"closed","template":"","meta":{"footnotes":""},"aioseo_notices":[],"_links":{"self":[{"href":"http:\/\/www.penguinol.com\/es\/wp-json\/wp\/v2\/pages\/5753"}],"collection":[{"href":"http:\/\/www.penguinol.com\/es\/wp-json\/wp\/v2\/pages"}],"about":[{"href":"http:\/\/www.penguinol.com\/es\/wp-json\/wp\/v2\/types\/page"}],"author":[{"embeddable":true,"href":"http:\/\/www.penguinol.com\/es\/wp-json\/wp\/v2\/users\/1"}],"replies":[{"embeddable":true,"href":"http:\/\/www.penguinol.com\/es\/wp-json\/wp\/v2\/comments?post=5753"}],"version-history":[{"count":3,"href":"http:\/\/www.penguinol.com\/es\/wp-json\/wp\/v2\/pages\/5753\/revisions"}],"predecessor-version":[{"id":5771,"href":"http:\/\/www.penguinol.com\/es\/wp-json\/wp\/v2\/pages\/5753\/revisions\/5771"}],"up":[{"embeddable":true,"href":"http:\/\/www.penguinol.com\/es\/wp-json\/wp\/v2\/pages\/5751"}],"wp:attachment":[{"href":"http:\/\/www.penguinol.com\/es\/wp-json\/wp\/v2\/media?parent=5753"}],"curies":[{"name":"wp","href":"https:\/\/api.w.org\/{rel}","templated":true}]}}